{"id":990926,"date":"2025-02-01T08:13:01","date_gmt":"2025-02-01T08:13:01","guid":{"rendered":"https:\/\/myspiritbowls.com\/?post_type=product&#038;p=990926"},"modified":"2025-05-17T20:35:01","modified_gmt":"2025-05-17T20:35:01","slug":"tarot-card-reading-kennenlern-angebot","status":"publish","type":"product","link":"https:\/\/myspiritbowls.com\/de\/produkt\/tarot-card-reading-kennenlern-angebot\/","title":{"rendered":"Tarot Card Reading Kennenlern-Angebot"},"content":{"rendered":"<div class=\"w-full text-token-text-primary border-b border-black\/10 gizmo:border-0 dark:border-gray-900\/50 gizmo:dark:border-0 bg-gray-50 gizmo:bg-transparent dark:bg-[#444654] gizmo:dark:bg-transparent\" data-testid=\"conversation-turn-11\">\n<div class=\"p-4 gizmo:py-2 justify-center text-base md:gap-6 md:py-6 m-auto\">\n<div class=\"flex flex-1 gap-4 text-base mx-auto md:gap-6 gizmo:gap-3 gizmo:md:px-5 gizmo:lg:px-1 gizmo:xl:px-5 md:max-w-2xl lg:max-w-[38rem] gizmo:md:max-w-3xl gizmo:lg:max-w-[40rem] gizmo:xl:max-w-[48rem] xl:max-w-3xl } group\">\n<div class=\"relative flex w-[calc(100%-50px)] flex-col gizmo:w-full lg:w-[calc(100%-115px)] agent-turn\">\n<div class=\"flex-col gap-1 md:gap-3\">\n<div class=\"flex flex-grow flex-col max-w-full gap-3 gizmo:gap-0\">\n<div class=\"min-h-[20px] text-message flex flex-col items-start gap-3 whitespace-pre-wrap break-words [.text-message+&amp;]:mt-5 overflow-x-auto\" data-message-author-role=\"assistant\" data-message-id=\"95232221-32f7-472a-bbea-21a971bbb510\">\n<p><strong>\u2728 Hast du Fragen an das Universum? \u2728<\/strong><\/p>\n<p>Lass dich von den Karten leiten!<\/p>\n<p>\ud83d\udd2e <strong>Dein pers\u00f6nliches Tarot Reading<\/strong> \ud83d\udd2e<\/p>\n<p>\ud83d\udcdc <strong>Du bekommst:<\/strong><br \/>\n\u2728 Eine individuelle Tarot-Lesung<br \/>\n\u2728 Eine ausf\u00fchrliche <strong>PDF-Auswertung<\/strong> mit den wichtigsten Erkenntnissen<br \/>\n\u2728 Ein <strong>pers\u00f6nliches Sprachnachricht-Feedback<\/strong>, in dem ich alles f\u00fcr dich einf\u00fchlsam erkl\u00e4re<\/p>\n<p>Lass dich von der Weisheit der Karten inspirieren! \ud83c\udf19\ud83d\udcab <strong>Buche dir jetzt dein erstes Reading.<\/strong> \ud83d\udc8c<\/p>\n<\/div>\n<\/div>\n<\/div>\n<p>*Keine Barabl\u00f6se<\/p>\n<div class=\"flex-col gap-1 md:gap-3\">\n<div class=\"flex justify-between empty:hidden gizmo:mt-1 gizmo:justify-start gizmo:gap-3 lg:block gizmo:lg:flex\">\n<div class=\"text-gray-400 flex self-end lg:self-center justify-center gizmo:lg:justify-start mt-2 gizmo:mt-0 visible gap-1\">\n<div class=\"flex gap-1\"><\/div>\n<\/div>\n<\/div>\n<\/div>\n<\/div>\n<\/div>\n<\/div>\n<\/div>\n<div class=\"w-full text-token-text-primary border-b border-black\/10 gizmo:border-0 dark:border-gray-900\/50 gizmo:dark:border-0 gizmo:bg-transparent dark:bg-gray-800 gizmo:dark:bg-transparent\" data-testid=\"conversation-turn-12\">\n<div class=\"p-4 gizmo:py-2 justify-center text-base md:gap-6 md:py-6 m-auto\">\n<div class=\"flex flex-1 gap-4 text-base mx-auto md:gap-6 gizmo:gap-3 gizmo:md:px-5 gizmo:lg:px-1 gizmo:xl:px-5 md:max-w-2xl lg:max-w-[38rem] gizmo:md:max-w-3xl gizmo:lg:max-w-[40rem] gizmo:xl:max-w-[48rem] xl:max-w-3xl } group\">\n<div class=\"flex-shrink-0 flex flex-col relative items-end\">\n<div>\n<div class=\"pt-0.5\">\n<div class=\"gizmo-shadow-stroke flex h-6 w-6 items-center justify-center overflow-hidden rounded-full\"><\/div>\n<\/div>\n<\/div>\n<\/div>\n<\/div>\n<\/div>\n<\/div>","protected":false},"excerpt":{"rendered":"<div class=\"flex-col gap-1 md:gap-3\">\n<div class=\"flex flex-grow flex-col max-w-full gap-3 gizmo:gap-0\">\n<div class=\"min-h-[20px] text-message flex flex-col items-start gap-3 whitespace-pre-wrap break-words [.text-message+&amp;]:mt-5 overflow-x-auto\" data-message-author-role=\"assistant\" data-message-id=\"95232221-32f7-472a-bbea-21a971bbb510\">\n<p><strong>\u2728 Hast du Fragen an das Universum? \u2728<\/strong><\/p>\n<p>Lass dich von den Karten leiten!<\/p>\n<p>\ud83d\udd2e <strong>Dein pers\u00f6nliches Tarot Reading<\/strong> \ud83d\udd2e<\/p>\n<ol>\n<li><strong>Tarot-Reading buchen<\/strong> \u2013 Es kann los gehen!<\/li>\n<li><strong>Fragebogen erhalten &amp; ausf\u00fcllen<\/strong> \u2013 Du bekommst einen Fragebogen mit wichtigen Fragen zu deinem Anliegen, den du in Ruhe ausf\u00fcllen kannst.<\/li>\n<li><strong>Pers\u00f6nliche Auswertung<\/strong> \u2013 Ich analysiere deine Karten ausf\u00fchrlich und sende dir eine detaillierte Interpretation deines Readings.<\/li>\n<\/ol>\n<p>I\ud83c\udf19\ud83d\udcab <strong>Buche dir jetzt dein erstes Reading.<\/strong> \ud83d\udc8c<\/p>\n<\/div>\n<\/div>\n<\/div>\n<p>*Keine Barabl\u00f6se<\/p>","protected":false},"featured_media":990927,"comment_status":"closed","ping_status":"closed","template":"","meta":[],"product_brand":[],"product_cat":[301],"product_tag":[],"class_list":{"0":"post-990926","1":"product","2":"type-product","3":"status-publish","4":"has-post-thumbnail","6":"product_cat-voucher","8":"first","9":"instock","10":"shipping-taxable","11":"purchasable","12":"product-type-simple"},"yoast_head":"<!-- This site is optimized with the Yoast SEO plugin v25.7 - https:\/\/yoast.com\/wordpress\/plugins\/seo\/ -->\n<title>Tarot Card Reading Kennenlern-Angebot - My Spirit Bowls<\/title>\n<meta name=\"robots\" content=\"index, follow, max-snippet:-1, max-image-preview:large, max-video-preview:-1\" \/>\n<link rel=\"canonical\" href=\"https:\/\/myspiritbowls.com\/de\/produkt\/tarot-card-reading-kennenlern-angebot\/\" \/>\n<meta property=\"og:locale\" content=\"de_DE\" \/>\n<meta property=\"og:type\" content=\"article\" \/>\n<meta property=\"og:title\" content=\"Tarot Card Reading Kennenlern-Angebot - My Spirit Bowls\" \/>\n<meta property=\"og:description\" content=\"\u2728 Hast du Fragen an das Universum? \u2728  Lass dich von den Karten leiten!  \ud83d\udd2e Dein pers\u00f6nliches Tarot Reading \ud83d\udd2e   Tarot-Reading buchen \u2013 Es kann los gehen!  Fragebogen erhalten &amp; ausf\u00fcllen \u2013 Du bekommst einen Fragebogen mit wichtigen Fragen zu deinem Anliegen, den du in Ruhe ausf\u00fcllen kannst.  Pers\u00f6nliche Auswertung \u2013 Ich analysiere deine Karten ausf\u00fchrlich und sende dir eine detaillierte Interpretation deines Readings.  I\ud83c\udf19\ud83d\udcab Buche dir jetzt dein erstes Reading. \ud83d\udc8c     *Keine Barabl\u00f6se\" \/>\n<meta property=\"og:url\" content=\"https:\/\/myspiritbowls.com\/de\/produkt\/tarot-card-reading-kennenlern-angebot\/\" \/>\n<meta property=\"og:site_name\" content=\"My Spirit Bowls\" \/>\n<meta property=\"article:modified_time\" content=\"2025-05-17T20:35:01+00:00\" \/>\n<meta property=\"og:image\" content=\"https:\/\/myspiritbowls.com\/wp-content\/uploads\/2025\/05\/IMG_3944.jpg\" \/>\n\t<meta property=\"og:image:width\" content=\"1080\" \/>\n\t<meta property=\"og:image:height\" content=\"1620\" \/>\n\t<meta property=\"og:image:type\" content=\"image\/jpeg\" \/>\n<meta name=\"twitter:card\" content=\"summary_large_image\" \/>\n<script type=\"application\/ld+json\" class=\"yoast-schema-graph\">{\"@context\":\"https:\/\/schema.org\",\"@graph\":[{\"@type\":\"WebPage\",\"@id\":\"https:\/\/myspiritbowls.com\/product\/tarot-card-reading-kennenlern-angebot\/\",\"url\":\"https:\/\/myspiritbowls.com\/product\/tarot-card-reading-kennenlern-angebot\/\",\"name\":\"Tarot Card Reading Kennenlern-Angebot - My Spirit Bowls\",\"isPartOf\":{\"@id\":\"https:\/\/myspiritbowls.com\/#website\"},\"primaryImageOfPage\":{\"@id\":\"https:\/\/myspiritbowls.com\/product\/tarot-card-reading-kennenlern-angebot\/#primaryimage\"},\"image\":{\"@id\":\"https:\/\/myspiritbowls.com\/product\/tarot-card-reading-kennenlern-angebot\/#primaryimage\"},\"thumbnailUrl\":\"https:\/\/myspiritbowls.com\/wp-content\/uploads\/2025\/05\/IMG_3944.jpg\",\"datePublished\":\"2025-02-01T08:13:01+00:00\",\"dateModified\":\"2025-05-17T20:35:01+00:00\",\"breadcrumb\":{\"@id\":\"https:\/\/myspiritbowls.com\/product\/tarot-card-reading-kennenlern-angebot\/#breadcrumb\"},\"inLanguage\":\"de\",\"potentialAction\":[{\"@type\":\"ReadAction\",\"target\":[\"https:\/\/myspiritbowls.com\/product\/tarot-card-reading-kennenlern-angebot\/\"]}]},{\"@type\":\"ImageObject\",\"inLanguage\":\"de\",\"@id\":\"https:\/\/myspiritbowls.com\/product\/tarot-card-reading-kennenlern-angebot\/#primaryimage\",\"url\":\"https:\/\/myspiritbowls.com\/wp-content\/uploads\/2025\/05\/IMG_3944.jpg\",\"contentUrl\":\"https:\/\/myspiritbowls.com\/wp-content\/uploads\/2025\/05\/IMG_3944.jpg\",\"width\":1080,\"height\":1620},{\"@type\":\"BreadcrumbList\",\"@id\":\"https:\/\/myspiritbowls.com\/product\/tarot-card-reading-kennenlern-angebot\/#breadcrumb\",\"itemListElement\":[{\"@type\":\"ListItem\",\"position\":1,\"name\":\"Home\",\"item\":\"https:\/\/myspiritbowls.com\/\"},{\"@type\":\"ListItem\",\"position\":2,\"name\":\"Shop\",\"item\":\"https:\/\/myspiritbowls.com\/shop\/\"},{\"@type\":\"ListItem\",\"position\":3,\"name\":\"Tarot Card Reading Kennenlern-Angebot\"}]},{\"@type\":\"WebSite\",\"@id\":\"https:\/\/myspiritbowls.com\/#website\",\"url\":\"https:\/\/myspiritbowls.com\/\",\"name\":\"My Spirit Bowls\",\"description\":\"\",\"publisher\":{\"@id\":\"https:\/\/myspiritbowls.com\/#organization\"},\"potentialAction\":[{\"@type\":\"SearchAction\",\"target\":{\"@type\":\"EntryPoint\",\"urlTemplate\":\"https:\/\/myspiritbowls.com\/?s={search_term_string}\"},\"query-input\":{\"@type\":\"PropertyValueSpecification\",\"valueRequired\":true,\"valueName\":\"search_term_string\"}}],\"inLanguage\":\"de\"},{\"@type\":\"Organization\",\"@id\":\"https:\/\/myspiritbowls.com\/#organization\",\"name\":\"My Spirit Bowls\",\"url\":\"https:\/\/myspiritbowls.com\/\",\"logo\":{\"@type\":\"ImageObject\",\"inLanguage\":\"de\",\"@id\":\"https:\/\/myspiritbowls.com\/#\/schema\/logo\/image\/\",\"url\":\"https:\/\/myspiritbowls.com\/wp-content\/uploads\/2023\/09\/download-5.png\",\"contentUrl\":\"https:\/\/myspiritbowls.com\/wp-content\/uploads\/2023\/09\/download-5.png\",\"width\":83,\"height\":100,\"caption\":\"My Spirit Bowls\"},\"image\":{\"@id\":\"https:\/\/myspiritbowls.com\/#\/schema\/logo\/image\/\"}}]}<\/script>\n<!-- \/ Yoast SEO plugin. -->","yoast_head_json":{"title":"Tarot Card Reading Kennenlern-Angebot - My Spirit Bowls","robots":{"index":"index","follow":"follow","max-snippet":"max-snippet:-1","max-image-preview":"max-image-preview:large","max-video-preview":"max-video-preview:-1"},"canonical":"https:\/\/myspiritbowls.com\/de\/produkt\/tarot-card-reading-kennenlern-angebot\/","og_locale":"de_DE","og_type":"article","og_title":"Tarot Card Reading Kennenlern-Angebot - My Spirit Bowls","og_description":"\u2728 Hast du Fragen an das Universum? \u2728  Lass dich von den Karten leiten!  \ud83d\udd2e Dein pers\u00f6nliches Tarot Reading \ud83d\udd2e   Tarot-Reading buchen \u2013 Es kann los gehen!  Fragebogen erhalten &amp; ausf\u00fcllen \u2013 Du bekommst einen Fragebogen mit wichtigen Fragen zu deinem Anliegen, den du in Ruhe ausf\u00fcllen kannst.  Pers\u00f6nliche Auswertung \u2013 Ich analysiere deine Karten ausf\u00fchrlich und sende dir eine detaillierte Interpretation deines Readings.  I\ud83c\udf19\ud83d\udcab Buche dir jetzt dein erstes Reading. \ud83d\udc8c     *Keine Barabl\u00f6se","og_url":"https:\/\/myspiritbowls.com\/de\/produkt\/tarot-card-reading-kennenlern-angebot\/","og_site_name":"My Spirit Bowls","article_modified_time":"2025-05-17T20:35:01+00:00","og_image":[{"width":1080,"height":1620,"url":"https:\/\/myspiritbowls.com\/wp-content\/uploads\/2025\/05\/IMG_3944.jpg","type":"image\/jpeg"}],"twitter_card":"summary_large_image","schema":{"@context":"https:\/\/schema.org","@graph":[{"@type":"WebPage","@id":"https:\/\/myspiritbowls.com\/product\/tarot-card-reading-kennenlern-angebot\/","url":"https:\/\/myspiritbowls.com\/product\/tarot-card-reading-kennenlern-angebot\/","name":"Tarot Card Reading Kennenlern-Angebot - My Spirit Bowls","isPartOf":{"@id":"https:\/\/myspiritbowls.com\/#website"},"primaryImageOfPage":{"@id":"https:\/\/myspiritbowls.com\/product\/tarot-card-reading-kennenlern-angebot\/#primaryimage"},"image":{"@id":"https:\/\/myspiritbowls.com\/product\/tarot-card-reading-kennenlern-angebot\/#primaryimage"},"thumbnailUrl":"https:\/\/myspiritbowls.com\/wp-content\/uploads\/2025\/05\/IMG_3944.jpg","datePublished":"2025-02-01T08:13:01+00:00","dateModified":"2025-05-17T20:35:01+00:00","breadcrumb":{"@id":"https:\/\/myspiritbowls.com\/product\/tarot-card-reading-kennenlern-angebot\/#breadcrumb"},"inLanguage":"de","potentialAction":[{"@type":"ReadAction","target":["https:\/\/myspiritbowls.com\/product\/tarot-card-reading-kennenlern-angebot\/"]}]},{"@type":"ImageObject","inLanguage":"de","@id":"https:\/\/myspiritbowls.com\/product\/tarot-card-reading-kennenlern-angebot\/#primaryimage","url":"https:\/\/myspiritbowls.com\/wp-content\/uploads\/2025\/05\/IMG_3944.jpg","contentUrl":"https:\/\/myspiritbowls.com\/wp-content\/uploads\/2025\/05\/IMG_3944.jpg","width":1080,"height":1620},{"@type":"BreadcrumbList","@id":"https:\/\/myspiritbowls.com\/product\/tarot-card-reading-kennenlern-angebot\/#breadcrumb","itemListElement":[{"@type":"ListItem","position":1,"name":"Home","item":"https:\/\/myspiritbowls.com\/"},{"@type":"ListItem","position":2,"name":"Shop","item":"https:\/\/myspiritbowls.com\/shop\/"},{"@type":"ListItem","position":3,"name":"Tarot Card Reading Kennenlern-Angebot"}]},{"@type":"WebSite","@id":"https:\/\/myspiritbowls.com\/#website","url":"https:\/\/myspiritbowls.com\/","name":"My Spirit Bowls","description":"","publisher":{"@id":"https:\/\/myspiritbowls.com\/#organization"},"potentialAction":[{"@type":"SearchAction","target":{"@type":"EntryPoint","urlTemplate":"https:\/\/myspiritbowls.com\/?s={search_term_string}"},"query-input":{"@type":"PropertyValueSpecification","valueRequired":true,"valueName":"search_term_string"}}],"inLanguage":"de"},{"@type":"Organization","@id":"https:\/\/myspiritbowls.com\/#organization","name":"My Spirit Bowls","url":"https:\/\/myspiritbowls.com\/","logo":{"@type":"ImageObject","inLanguage":"de","@id":"https:\/\/myspiritbowls.com\/#\/schema\/logo\/image\/","url":"https:\/\/myspiritbowls.com\/wp-content\/uploads\/2023\/09\/download-5.png","contentUrl":"https:\/\/myspiritbowls.com\/wp-content\/uploads\/2023\/09\/download-5.png","width":83,"height":100,"caption":"My Spirit Bowls"},"image":{"@id":"https:\/\/myspiritbowls.com\/#\/schema\/logo\/image\/"}}]}},"_links":{"self":[{"href":"https:\/\/myspiritbowls.com\/de\/wp-json\/wp\/v2\/product\/990926","targetHints":{"allow":["GET"]}}],"collection":[{"href":"https:\/\/myspiritbowls.com\/de\/wp-json\/wp\/v2\/product"}],"about":[{"href":"https:\/\/myspiritbowls.com\/de\/wp-json\/wp\/v2\/types\/product"}],"replies":[{"embeddable":true,"href":"https:\/\/myspiritbowls.com\/de\/wp-json\/wp\/v2\/comments?post=990926"}],"wp:featuredmedia":[{"embeddable":true,"href":"https:\/\/myspiritbowls.com\/de\/wp-json\/wp\/v2\/media\/990927"}],"wp:attachment":[{"href":"https:\/\/myspiritbowls.com\/de\/wp-json\/wp\/v2\/media?parent=990926"}],"wp:term":[{"taxonomy":"product_brand","embeddable":true,"href":"https:\/\/myspiritbowls.com\/de\/wp-json\/wp\/v2\/product_brand?post=990926"},{"taxonomy":"product_cat","embeddable":true,"href":"https:\/\/myspiritbowls.com\/de\/wp-json\/wp\/v2\/product_cat?post=990926"},{"taxonomy":"product_tag","embeddable":true,"href":"https:\/\/myspiritbowls.com\/de\/wp-json\/wp\/v2\/product_tag?post=990926"}],"curies":[{"name":"wp","href":"https:\/\/api.w.org\/{rel}","templated":true}]}}