{"id":990935,"date":"2025-05-17T20:50:35","date_gmt":"2025-05-17T20:50:35","guid":{"rendered":"https:\/\/myspiritbowls.com\/?post_type=product&#038;p=990935"},"modified":"2025-05-17T20:52:33","modified_gmt":"2025-05-17T20:52:33","slug":"kristall-klangschale-golden-crownlight-kelch","status":"publish","type":"product","link":"https:\/\/myspiritbowls.com\/en\/product\/kristall-klangschale-golden-crownlight-kelch\/","title":{"rendered":"Kristall-Klangschale Golden-Crownlight Kelch"},"content":{"rendered":"<h1 class=\"markdown prose w-full break-words dark:prose-invert light\">Kristall-Klangschale Aurora Amethyst<\/h1>\n","protected":false},"excerpt":{"rendered":"<div class=\"flex flex-grow flex-col max-w-full gap-3 gizmo:gap-0\">\n<div class=\"min-h-[20px] text-message flex flex-col items-start gap-3 whitespace-pre-wrap break-words [.text-message+&amp;]:mt-5 overflow-x-auto\" data-message-author-role=\"assistant\" data-message-id=\"95232221-32f7-472a-bbea-21a971bbb510\">\n<div class=\"markdown prose w-full break-words dark:prose-invert light\">\n<div class=\"flex-1 overflow-hidden\">\n<div class=\"react-scroll-to-bottom--css-trhre-79elbk h-full\">\n<div class=\"react-scroll-to-bottom--css-trhre-1n7m0yu\">\n<div class=\"flex flex-col pb-9 text-sm\">\n<div class=\"w-full text-token-text-primary\" data-testid=\"conversation-turn-21\">\n<div class=\"px-4 py-2 justify-center text-base md:gap-6 m-auto\">\n<div class=\"flex flex-1 text-base mx-auto gap-3 md:px-5 lg:px-1 xl:px-5 md:max-w-3xl lg:max-w-[40rem] xl:max-w-[48rem] group final-completion\">\n<div class=\"relative flex w-full flex-col lg:w-[calc(100%-115px)] agent-turn\">\n<div class=\"flex-col gap-1 md:gap-3\">\n<div class=\"flex flex-grow flex-col max-w-full\">\n<div class=\"min-h-[20px] text-message flex flex-col items-start gap-3 whitespace-pre-wrap break-words [.text-message+&amp;]:mt-5 overflow-x-auto\" data-message-author-role=\"assistant\" data-message-id=\"d5567485-f51f-48bc-bbc8-5ca07fd3df69\">\n<div class=\"markdown prose w-full break-words dark:prose-invert light\">\n<div class=\"flex-1 overflow-hidden\">\n<div class=\"react-scroll-to-bottom--css-trhre-79elbk h-full\">\n<div class=\"react-scroll-to-bottom--css-trhre-1n7m0yu\">\n<div class=\"flex flex-col pb-9 text-sm\">\n<div class=\"w-full text-token-text-primary\" data-testid=\"conversation-turn-48\">\n<div class=\"px-4 py-2 justify-center text-base md:gap-6 m-auto\">\n<div class=\"flex flex-1 text-base mx-auto gap-3 md:px-5 lg:px-1 xl:px-5 md:max-w-3xl lg:max-w-[40rem] xl:max-w-[48rem] group final-completion\">\n<div class=\"relative flex w-full flex-col lg:w-[calc(100%-115px)] agent-turn\">\n<div class=\"flex-col gap-1 md:gap-3\">\n<div class=\"flex flex-grow flex-col max-w-full\">\n<div class=\"min-h-[20px] text-message flex flex-col items-start gap-3 whitespace-pre-wrap break-words [.text-message+&amp;]:mt-5 overflow-x-auto\" data-message-author-role=\"assistant\" data-message-id=\"b8e8de8d-10a7-4552-8243-732f95f10696\">\n<div class=\"markdown prose w-full break-words dark:prose-invert light\">\n<p>Die <strong>Golden Crownlight<\/strong> Kristallklangschale ist speziell f\u00fcr die Aktivierung und Harmonisierung des Solarplexus-Chakras und des Kronenchakras entwickelt worden. Sie erzeugt einen kraftvollen und doch sanften Klang, der tief in das Energiefeld eindringt und ein Gef\u00fchl von innerer St\u00e4rke und spiritueller Verbindung f\u00f6rdert.<\/p>\n<p>Die <strong>Tonh\u00f6he E<\/strong> ist traditionell mit dem Solarplexus-Chakra (Manipura) verbunden, das sich im Bereich des oberen Bauches befindet. Dieses Chakra ist das Zentrum von Selbstbewusstsein, Willenskraft und pers\u00f6nlicher Macht. Die goldene Farbe der Schale und der klangvolle Name &#8220;Crownlight&#8221; betonen zus\u00e4tzlich die Verbindung zum Kronenchakra (Sahasrara), das sich am Scheitel des Kopfes befindet und f\u00fcr die spirituelle Erleuchtung und das Einssein mit dem Universum steht.<\/p>\n<p>Diese Klangschale ist ideal f\u00fcr Meditation, Klangheilung und spirituelle Praxis. Sie hilft dabei, das Solarplexus-Chakra zu st\u00e4rken und gleichzeitig das Kronenchakra zu \u00f6ffnen, um tiefere Bewusstseinszust\u00e4nde zu erreichen und die spirituelle Entwicklung zu f\u00f6rdern. Perfekt f\u00fcr Therapeuten, Heiler und alle, die eine tiefere Verbindung zu ihrem inneren Selbst suchen.<\/p>\n<\/div>\n<\/div>\n<\/div>\n<\/div>\n<\/div>\n<\/div>\n<\/div>\n<\/div>\n<\/div>\n<\/div>\n<\/div>\n<\/div>\n<\/div>\n<\/div>\n<\/div>\n<\/div>\n<\/div>\n<\/div>\n<\/div>\n<\/div>\n<\/div>\n<\/div>\n<\/div>\n<\/div>\n<\/div>\n<\/div>\n<\/div>\n<ul>\n<li>Durchmesser 21cm<\/li>\n<li>Tonh\u00f6he E<\/li>\n<li>Chakren: Kronenchakra &amp; Solarplexus<\/li>\n<\/ul>\n<p>&nbsp;<\/p>\n","protected":false},"featured_media":990936,"comment_status":"open","ping_status":"closed","template":"","meta":[],"product_brand":[],"product_cat":[297],"product_tag":[],"class_list":{"0":"post-990935","1":"product","2":"type-product","3":"status-publish","4":"has-post-thumbnail","6":"product_cat-singing-bowls","8":"first","9":"instock","10":"shipping-taxable","11":"purchasable","12":"product-type-simple"},"yoast_head":"<!-- This site is optimized with the Yoast SEO plugin v25.7 - https:\/\/yoast.com\/wordpress\/plugins\/seo\/ -->\n<title>Kristall-Klangschale Golden-Crownlight Kelch - My Spirit Bowls<\/title>\n<meta name=\"robots\" content=\"index, follow, max-snippet:-1, max-image-preview:large, max-video-preview:-1\" \/>\n<link rel=\"canonical\" href=\"https:\/\/myspiritbowls.com\/en\/product\/kristall-klangschale-golden-crownlight-kelch\/\" \/>\n<meta property=\"og:locale\" content=\"en_US\" \/>\n<meta property=\"og:type\" content=\"article\" \/>\n<meta property=\"og:title\" content=\"Kristall-Klangschale Golden-Crownlight Kelch - My Spirit Bowls\" \/>\n<meta property=\"og:description\" content=\"Die Golden Crownlight Kristallklangschale ist speziell f\u00fcr die Aktivierung und Harmonisierung des Solarplexus-Chakras und des Kronenchakras entwickelt worden. Sie erzeugt einen kraftvollen und doch sanften Klang, der tief in das Energiefeld eindringt und ein Gef\u00fchl von innerer St\u00e4rke und spiritueller Verbindung f\u00f6rdert.  Die Tonh\u00f6he E ist traditionell mit dem Solarplexus-Chakra (Manipura) verbunden, das sich im Bereich des oberen Bauches befindet. Dieses Chakra ist das Zentrum von Selbstbewusstsein, Willenskraft und pers\u00f6nlicher Macht. Die goldene Farbe der Schale und der klangvolle Name &quot;Crownlight&quot; betonen zus\u00e4tzlich die Verbindung zum Kronenchakra (Sahasrara), das sich am Scheitel des Kopfes befindet und f\u00fcr die spirituelle Erleuchtung und das Einssein mit dem Universum steht.  Diese Klangschale ist ideal f\u00fcr Meditation, Klangheilung und spirituelle Praxis. Sie hilft dabei, das Solarplexus-Chakra zu st\u00e4rken und gleichzeitig das Kronenchakra zu \u00f6ffnen, um tiefere Bewusstseinszust\u00e4nde zu erreichen und die spirituelle Entwicklung zu f\u00f6rdern. Perfekt f\u00fcr Therapeuten, Heiler und alle, die eine tiefere Verbindung zu ihrem inneren Selbst suchen.                               Durchmesser 21cm  Tonh\u00f6he E  Chakren: Kronenchakra &amp; Solarplexus  &nbsp;\" \/>\n<meta property=\"og:url\" content=\"https:\/\/myspiritbowls.com\/en\/product\/kristall-klangschale-golden-crownlight-kelch\/\" \/>\n<meta property=\"og:site_name\" content=\"My Spirit Bowls\" \/>\n<meta property=\"article:modified_time\" content=\"2025-05-17T20:52:33+00:00\" \/>\n<meta property=\"og:image\" content=\"https:\/\/myspiritbowls.com\/wp-content\/uploads\/2025\/05\/download.jpg\" \/>\n\t<meta property=\"og:image:width\" content=\"630\" \/>\n\t<meta property=\"og:image:height\" content=\"840\" \/>\n\t<meta property=\"og:image:type\" content=\"image\/jpeg\" \/>\n<meta name=\"twitter:card\" content=\"summary_large_image\" \/>\n<script type=\"application\/ld+json\" class=\"yoast-schema-graph\">{\"@context\":\"https:\/\/schema.org\",\"@graph\":[{\"@type\":\"WebPage\",\"@id\":\"https:\/\/myspiritbowls.com\/product\/kristall-klangschale-golden-crownlight-kelch\/\",\"url\":\"https:\/\/myspiritbowls.com\/product\/kristall-klangschale-golden-crownlight-kelch\/\",\"name\":\"Kristall-Klangschale Golden-Crownlight Kelch - My Spirit Bowls\",\"isPartOf\":{\"@id\":\"https:\/\/myspiritbowls.com\/#website\"},\"primaryImageOfPage\":{\"@id\":\"https:\/\/myspiritbowls.com\/product\/kristall-klangschale-golden-crownlight-kelch\/#primaryimage\"},\"image\":{\"@id\":\"https:\/\/myspiritbowls.com\/product\/kristall-klangschale-golden-crownlight-kelch\/#primaryimage\"},\"thumbnailUrl\":\"https:\/\/myspiritbowls.com\/wp-content\/uploads\/2025\/05\/download.jpg\",\"datePublished\":\"2025-05-17T20:50:35+00:00\",\"dateModified\":\"2025-05-17T20:52:33+00:00\",\"breadcrumb\":{\"@id\":\"https:\/\/myspiritbowls.com\/product\/kristall-klangschale-golden-crownlight-kelch\/#breadcrumb\"},\"inLanguage\":\"en-US\",\"potentialAction\":[{\"@type\":\"ReadAction\",\"target\":[\"https:\/\/myspiritbowls.com\/product\/kristall-klangschale-golden-crownlight-kelch\/\"]}]},{\"@type\":\"ImageObject\",\"inLanguage\":\"en-US\",\"@id\":\"https:\/\/myspiritbowls.com\/product\/kristall-klangschale-golden-crownlight-kelch\/#primaryimage\",\"url\":\"https:\/\/myspiritbowls.com\/wp-content\/uploads\/2025\/05\/download.jpg\",\"contentUrl\":\"https:\/\/myspiritbowls.com\/wp-content\/uploads\/2025\/05\/download.jpg\",\"width\":630,\"height\":840},{\"@type\":\"BreadcrumbList\",\"@id\":\"https:\/\/myspiritbowls.com\/product\/kristall-klangschale-golden-crownlight-kelch\/#breadcrumb\",\"itemListElement\":[{\"@type\":\"ListItem\",\"position\":1,\"name\":\"Home\",\"item\":\"https:\/\/myspiritbowls.com\/\"},{\"@type\":\"ListItem\",\"position\":2,\"name\":\"Shop\",\"item\":\"https:\/\/myspiritbowls.com\/shop\/\"},{\"@type\":\"ListItem\",\"position\":3,\"name\":\"Kristall-Klangschale Golden-Crownlight Kelch\"}]},{\"@type\":\"WebSite\",\"@id\":\"https:\/\/myspiritbowls.com\/#website\",\"url\":\"https:\/\/myspiritbowls.com\/\",\"name\":\"My Spirit Bowls\",\"description\":\"\",\"publisher\":{\"@id\":\"https:\/\/myspiritbowls.com\/#organization\"},\"potentialAction\":[{\"@type\":\"SearchAction\",\"target\":{\"@type\":\"EntryPoint\",\"urlTemplate\":\"https:\/\/myspiritbowls.com\/?s={search_term_string}\"},\"query-input\":{\"@type\":\"PropertyValueSpecification\",\"valueRequired\":true,\"valueName\":\"search_term_string\"}}],\"inLanguage\":\"en-US\"},{\"@type\":\"Organization\",\"@id\":\"https:\/\/myspiritbowls.com\/#organization\",\"name\":\"My Spirit Bowls\",\"url\":\"https:\/\/myspiritbowls.com\/\",\"logo\":{\"@type\":\"ImageObject\",\"inLanguage\":\"en-US\",\"@id\":\"https:\/\/myspiritbowls.com\/#\/schema\/logo\/image\/\",\"url\":\"https:\/\/myspiritbowls.com\/wp-content\/uploads\/2023\/09\/download-5.png\",\"contentUrl\":\"https:\/\/myspiritbowls.com\/wp-content\/uploads\/2023\/09\/download-5.png\",\"width\":83,\"height\":100,\"caption\":\"My Spirit Bowls\"},\"image\":{\"@id\":\"https:\/\/myspiritbowls.com\/#\/schema\/logo\/image\/\"}}]}<\/script>\n<!-- \/ Yoast SEO plugin. -->","yoast_head_json":{"title":"Kristall-Klangschale Golden-Crownlight Kelch - My Spirit Bowls","robots":{"index":"index","follow":"follow","max-snippet":"max-snippet:-1","max-image-preview":"max-image-preview:large","max-video-preview":"max-video-preview:-1"},"canonical":"https:\/\/myspiritbowls.com\/en\/product\/kristall-klangschale-golden-crownlight-kelch\/","og_locale":"en_US","og_type":"article","og_title":"Kristall-Klangschale Golden-Crownlight Kelch - My Spirit Bowls","og_description":"Die Golden Crownlight Kristallklangschale ist speziell f\u00fcr die Aktivierung und Harmonisierung des Solarplexus-Chakras und des Kronenchakras entwickelt worden. Sie erzeugt einen kraftvollen und doch sanften Klang, der tief in das Energiefeld eindringt und ein Gef\u00fchl von innerer St\u00e4rke und spiritueller Verbindung f\u00f6rdert.  Die Tonh\u00f6he E ist traditionell mit dem Solarplexus-Chakra (Manipura) verbunden, das sich im Bereich des oberen Bauches befindet. Dieses Chakra ist das Zentrum von Selbstbewusstsein, Willenskraft und pers\u00f6nlicher Macht. Die goldene Farbe der Schale und der klangvolle Name \"Crownlight\" betonen zus\u00e4tzlich die Verbindung zum Kronenchakra (Sahasrara), das sich am Scheitel des Kopfes befindet und f\u00fcr die spirituelle Erleuchtung und das Einssein mit dem Universum steht.  Diese Klangschale ist ideal f\u00fcr Meditation, Klangheilung und spirituelle Praxis. Sie hilft dabei, das Solarplexus-Chakra zu st\u00e4rken und gleichzeitig das Kronenchakra zu \u00f6ffnen, um tiefere Bewusstseinszust\u00e4nde zu erreichen und die spirituelle Entwicklung zu f\u00f6rdern. Perfekt f\u00fcr Therapeuten, Heiler und alle, die eine tiefere Verbindung zu ihrem inneren Selbst suchen.                               Durchmesser 21cm  Tonh\u00f6he E  Chakren: Kronenchakra &amp; Solarplexus  &nbsp;","og_url":"https:\/\/myspiritbowls.com\/en\/product\/kristall-klangschale-golden-crownlight-kelch\/","og_site_name":"My Spirit Bowls","article_modified_time":"2025-05-17T20:52:33+00:00","og_image":[{"width":630,"height":840,"url":"https:\/\/myspiritbowls.com\/wp-content\/uploads\/2025\/05\/download.jpg","type":"image\/jpeg"}],"twitter_card":"summary_large_image","schema":{"@context":"https:\/\/schema.org","@graph":[{"@type":"WebPage","@id":"https:\/\/myspiritbowls.com\/product\/kristall-klangschale-golden-crownlight-kelch\/","url":"https:\/\/myspiritbowls.com\/product\/kristall-klangschale-golden-crownlight-kelch\/","name":"Kristall-Klangschale Golden-Crownlight Kelch - My Spirit Bowls","isPartOf":{"@id":"https:\/\/myspiritbowls.com\/#website"},"primaryImageOfPage":{"@id":"https:\/\/myspiritbowls.com\/product\/kristall-klangschale-golden-crownlight-kelch\/#primaryimage"},"image":{"@id":"https:\/\/myspiritbowls.com\/product\/kristall-klangschale-golden-crownlight-kelch\/#primaryimage"},"thumbnailUrl":"https:\/\/myspiritbowls.com\/wp-content\/uploads\/2025\/05\/download.jpg","datePublished":"2025-05-17T20:50:35+00:00","dateModified":"2025-05-17T20:52:33+00:00","breadcrumb":{"@id":"https:\/\/myspiritbowls.com\/product\/kristall-klangschale-golden-crownlight-kelch\/#breadcrumb"},"inLanguage":"en-US","potentialAction":[{"@type":"ReadAction","target":["https:\/\/myspiritbowls.com\/product\/kristall-klangschale-golden-crownlight-kelch\/"]}]},{"@type":"ImageObject","inLanguage":"en-US","@id":"https:\/\/myspiritbowls.com\/product\/kristall-klangschale-golden-crownlight-kelch\/#primaryimage","url":"https:\/\/myspiritbowls.com\/wp-content\/uploads\/2025\/05\/download.jpg","contentUrl":"https:\/\/myspiritbowls.com\/wp-content\/uploads\/2025\/05\/download.jpg","width":630,"height":840},{"@type":"BreadcrumbList","@id":"https:\/\/myspiritbowls.com\/product\/kristall-klangschale-golden-crownlight-kelch\/#breadcrumb","itemListElement":[{"@type":"ListItem","position":1,"name":"Home","item":"https:\/\/myspiritbowls.com\/"},{"@type":"ListItem","position":2,"name":"Shop","item":"https:\/\/myspiritbowls.com\/shop\/"},{"@type":"ListItem","position":3,"name":"Kristall-Klangschale Golden-Crownlight Kelch"}]},{"@type":"WebSite","@id":"https:\/\/myspiritbowls.com\/#website","url":"https:\/\/myspiritbowls.com\/","name":"My Spirit Bowls","description":"","publisher":{"@id":"https:\/\/myspiritbowls.com\/#organization"},"potentialAction":[{"@type":"SearchAction","target":{"@type":"EntryPoint","urlTemplate":"https:\/\/myspiritbowls.com\/?s={search_term_string}"},"query-input":{"@type":"PropertyValueSpecification","valueRequired":true,"valueName":"search_term_string"}}],"inLanguage":"en-US"},{"@type":"Organization","@id":"https:\/\/myspiritbowls.com\/#organization","name":"My Spirit Bowls","url":"https:\/\/myspiritbowls.com\/","logo":{"@type":"ImageObject","inLanguage":"en-US","@id":"https:\/\/myspiritbowls.com\/#\/schema\/logo\/image\/","url":"https:\/\/myspiritbowls.com\/wp-content\/uploads\/2023\/09\/download-5.png","contentUrl":"https:\/\/myspiritbowls.com\/wp-content\/uploads\/2023\/09\/download-5.png","width":83,"height":100,"caption":"My Spirit Bowls"},"image":{"@id":"https:\/\/myspiritbowls.com\/#\/schema\/logo\/image\/"}}]}},"_links":{"self":[{"href":"https:\/\/myspiritbowls.com\/en\/wp-json\/wp\/v2\/product\/990935","targetHints":{"allow":["GET"]}}],"collection":[{"href":"https:\/\/myspiritbowls.com\/en\/wp-json\/wp\/v2\/product"}],"about":[{"href":"https:\/\/myspiritbowls.com\/en\/wp-json\/wp\/v2\/types\/product"}],"replies":[{"embeddable":true,"href":"https:\/\/myspiritbowls.com\/en\/wp-json\/wp\/v2\/comments?post=990935"}],"wp:featuredmedia":[{"embeddable":true,"href":"https:\/\/myspiritbowls.com\/en\/wp-json\/wp\/v2\/media\/990936"}],"wp:attachment":[{"href":"https:\/\/myspiritbowls.com\/en\/wp-json\/wp\/v2\/media?parent=990935"}],"wp:term":[{"taxonomy":"product_brand","embeddable":true,"href":"https:\/\/myspiritbowls.com\/en\/wp-json\/wp\/v2\/product_brand?post=990935"},{"taxonomy":"product_cat","embeddable":true,"href":"https:\/\/myspiritbowls.com\/en\/wp-json\/wp\/v2\/product_cat?post=990935"},{"taxonomy":"product_tag","embeddable":true,"href":"https:\/\/myspiritbowls.com\/en\/wp-json\/wp\/v2\/product_tag?post=990935"}],"curies":[{"name":"wp","href":"https:\/\/api.w.org\/{rel}","templated":true}]}}