{"id":990938,"date":"2025-05-17T20:57:22","date_gmt":"2025-05-17T20:57:22","guid":{"rendered":"https:\/\/myspiritbowls.com\/?post_type=product&#038;p=990938"},"modified":"2025-05-17T20:57:45","modified_gmt":"2025-05-17T20:57:45","slug":"gutschein-e-10","status":"publish","type":"product","link":"https:\/\/myspiritbowls.com\/en\/product\/gutschein-e-10\/","title":{"rendered":"Gutschein \u20ac 10,-"},"content":{"rendered":"<div class=\"w-full text-token-text-primary border-b border-black\/10 gizmo:border-0 dark:border-gray-900\/50 gizmo:dark:border-0 bg-gray-50 gizmo:bg-transparent dark:bg-[#444654] gizmo:dark:bg-transparent\" data-testid=\"conversation-turn-11\">\n<div class=\"p-4 gizmo:py-2 justify-center text-base md:gap-6 md:py-6 m-auto\">\n<div class=\"flex flex-1 gap-4 text-base mx-auto md:gap-6 gizmo:gap-3 gizmo:md:px-5 gizmo:lg:px-1 gizmo:xl:px-5 md:max-w-2xl lg:max-w-[38rem] gizmo:md:max-w-3xl gizmo:lg:max-w-[40rem] gizmo:xl:max-w-[48rem] xl:max-w-3xl } group\">\n<div class=\"relative flex w-[calc(100%-50px)] flex-col gizmo:w-full lg:w-[calc(100%-115px)] agent-turn\">\n<div class=\"flex-col gap-1 md:gap-3\">\n<div class=\"flex flex-grow flex-col max-w-full gap-3 gizmo:gap-0\">\n<div class=\"min-h-[20px] text-message flex flex-col items-start gap-3 whitespace-pre-wrap break-words [.text-message+&amp;]:mt-5 overflow-x-auto\" data-message-author-role=\"assistant\" data-message-id=\"95232221-32f7-472a-bbea-21a971bbb510\">\n<h1 class=\"markdown prose w-full break-words dark:prose-invert light\">Gutschein einl\u00f6sbar f\u00fcr Sound Healing Events, Cacao Zeremonie, Produkte<\/h1>\n<\/div>\n<\/div>\n<\/div>\n<p>*Keine Barabl\u00f6se<\/p>\n<div class=\"flex-col gap-1 md:gap-3\">\n<div class=\"flex justify-between empty:hidden gizmo:mt-1 gizmo:justify-start gizmo:gap-3 lg:block gizmo:lg:flex\">\n<div class=\"text-gray-400 flex self-end lg:self-center justify-center gizmo:lg:justify-start mt-2 gizmo:mt-0 visible gap-1\">\n<div class=\"flex gap-1\"><\/div>\n<\/div>\n<\/div>\n<\/div>\n<\/div>\n<\/div>\n<\/div>\n<\/div>\n<div class=\"w-full text-token-text-primary border-b border-black\/10 gizmo:border-0 dark:border-gray-900\/50 gizmo:dark:border-0 gizmo:bg-transparent dark:bg-gray-800 gizmo:dark:bg-transparent\" data-testid=\"conversation-turn-12\">\n<div class=\"p-4 gizmo:py-2 justify-center text-base md:gap-6 md:py-6 m-auto\">\n<div class=\"flex flex-1 gap-4 text-base mx-auto md:gap-6 gizmo:gap-3 gizmo:md:px-5 gizmo:lg:px-1 gizmo:xl:px-5 md:max-w-2xl lg:max-w-[38rem] gizmo:md:max-w-3xl gizmo:lg:max-w-[40rem] gizmo:xl:max-w-[48rem] xl:max-w-3xl } group\">\n<div class=\"flex-shrink-0 flex flex-col relative items-end\">\n<div>\n<div class=\"pt-0.5\">\n<div class=\"gizmo-shadow-stroke flex h-6 w-6 items-center justify-center overflow-hidden rounded-full\"><\/div>\n<\/div>\n<\/div>\n<\/div>\n<\/div>\n<\/div>\n<\/div>\n","protected":false},"excerpt":{"rendered":"<div class=\"flex-col gap-1 md:gap-3\">\n<div class=\"flex flex-grow flex-col max-w-full gap-3 gizmo:gap-0\">\n<div class=\"min-h-[20px] text-message flex flex-col items-start gap-3 whitespace-pre-wrap break-words [.text-message+&amp;]:mt-5 overflow-x-auto\" data-message-author-role=\"assistant\" data-message-id=\"95232221-32f7-472a-bbea-21a971bbb510\">\n<h1 class=\"markdown prose w-full break-words dark:prose-invert light\">Gutschein einl\u00f6sbar f\u00fcr Sound Healing Events, Cacao Zeremonie, Produkte der Empowermind Academy.<\/h1>\n<p>&nbsp;<\/p>\n<\/div>\n<\/div>\n<\/div>\n<p>*Keine Barabl\u00f6se<\/p>\n<div class=\"flex-col gap-1 md:gap-3\">\n<div class=\"flex justify-between empty:hidden gizmo:mt-1 gizmo:justify-start gizmo:gap-3 lg:block gizmo:lg:flex\">\n<div class=\"text-gray-400 flex self-end lg:self-center justify-center gizmo:lg:justify-start mt-2 gizmo:mt-0 visible gap-1\">\n<div class=\"flex gap-1\"><\/div>\n<\/div>\n<\/div>\n<\/div>\n","protected":false},"featured_media":990939,"comment_status":"open","ping_status":"closed","template":"","meta":[],"product_brand":[],"product_cat":[301],"product_tag":[],"class_list":{"0":"post-990938","1":"product","2":"type-product","3":"status-publish","4":"has-post-thumbnail","6":"product_cat-voucher","8":"first","9":"instock","10":"shipping-taxable","11":"purchasable","12":"product-type-simple"},"yoast_head":"<!-- This site is optimized with the Yoast SEO plugin v25.7 - https:\/\/yoast.com\/wordpress\/plugins\/seo\/ -->\n<title>Gutschein \u20ac 10,- My Spirit Bowls<\/title>\n<meta name=\"robots\" content=\"index, follow, max-snippet:-1, max-image-preview:large, max-video-preview:-1\" \/>\n<link rel=\"canonical\" href=\"https:\/\/myspiritbowls.com\/en\/product\/gutschein-e-10\/\" \/>\n<meta property=\"og:locale\" content=\"en_US\" \/>\n<meta property=\"og:type\" content=\"article\" \/>\n<meta property=\"og:title\" content=\"Gutschein \u20ac 10,- My Spirit Bowls\" \/>\n<meta property=\"og:description\" content=\"Gutschein einl\u00f6sbar f\u00fcr Sound Healing Events, Cacao Zeremonie, Produkte der Empowermind Academy. &nbsp;     *Keine Barabl\u00f6se\" \/>\n<meta property=\"og:url\" content=\"https:\/\/myspiritbowls.com\/en\/product\/gutschein-e-10\/\" \/>\n<meta property=\"og:site_name\" content=\"My Spirit Bowls\" \/>\n<meta property=\"article:modified_time\" content=\"2025-05-17T20:57:45+00:00\" \/>\n<meta property=\"og:image\" content=\"https:\/\/myspiritbowls.com\/wp-content\/uploads\/2025\/05\/download-1.jpg\" \/>\n\t<meta property=\"og:image:width\" content=\"1080\" \/>\n\t<meta property=\"og:image:height\" content=\"1920\" \/>\n\t<meta property=\"og:image:type\" content=\"image\/jpeg\" \/>\n<meta name=\"twitter:card\" content=\"summary_large_image\" \/>\n<script type=\"application\/ld+json\" class=\"yoast-schema-graph\">{\"@context\":\"https:\/\/schema.org\",\"@graph\":[{\"@type\":\"WebPage\",\"@id\":\"https:\/\/myspiritbowls.com\/product\/gutschein-e-10\/\",\"url\":\"https:\/\/myspiritbowls.com\/product\/gutschein-e-10\/\",\"name\":\"Gutschein \u20ac 10,- My Spirit Bowls\",\"isPartOf\":{\"@id\":\"https:\/\/myspiritbowls.com\/#website\"},\"primaryImageOfPage\":{\"@id\":\"https:\/\/myspiritbowls.com\/product\/gutschein-e-10\/#primaryimage\"},\"image\":{\"@id\":\"https:\/\/myspiritbowls.com\/product\/gutschein-e-10\/#primaryimage\"},\"thumbnailUrl\":\"https:\/\/myspiritbowls.com\/wp-content\/uploads\/2025\/05\/download-1.jpg\",\"datePublished\":\"2025-05-17T20:57:22+00:00\",\"dateModified\":\"2025-05-17T20:57:45+00:00\",\"breadcrumb\":{\"@id\":\"https:\/\/myspiritbowls.com\/product\/gutschein-e-10\/#breadcrumb\"},\"inLanguage\":\"en-US\",\"potentialAction\":[{\"@type\":\"ReadAction\",\"target\":[\"https:\/\/myspiritbowls.com\/product\/gutschein-e-10\/\"]}]},{\"@type\":\"ImageObject\",\"inLanguage\":\"en-US\",\"@id\":\"https:\/\/myspiritbowls.com\/product\/gutschein-e-10\/#primaryimage\",\"url\":\"https:\/\/myspiritbowls.com\/wp-content\/uploads\/2025\/05\/download-1.jpg\",\"contentUrl\":\"https:\/\/myspiritbowls.com\/wp-content\/uploads\/2025\/05\/download-1.jpg\",\"width\":1080,\"height\":1920},{\"@type\":\"BreadcrumbList\",\"@id\":\"https:\/\/myspiritbowls.com\/product\/gutschein-e-10\/#breadcrumb\",\"itemListElement\":[{\"@type\":\"ListItem\",\"position\":1,\"name\":\"Home\",\"item\":\"https:\/\/myspiritbowls.com\/\"},{\"@type\":\"ListItem\",\"position\":2,\"name\":\"Shop\",\"item\":\"https:\/\/myspiritbowls.com\/shop\/\"},{\"@type\":\"ListItem\",\"position\":3,\"name\":\"Gutschein \u20ac 10,-\"}]},{\"@type\":\"WebSite\",\"@id\":\"https:\/\/myspiritbowls.com\/#website\",\"url\":\"https:\/\/myspiritbowls.com\/\",\"name\":\"My Spirit Bowls\",\"description\":\"\",\"publisher\":{\"@id\":\"https:\/\/myspiritbowls.com\/#organization\"},\"potentialAction\":[{\"@type\":\"SearchAction\",\"target\":{\"@type\":\"EntryPoint\",\"urlTemplate\":\"https:\/\/myspiritbowls.com\/?s={search_term_string}\"},\"query-input\":{\"@type\":\"PropertyValueSpecification\",\"valueRequired\":true,\"valueName\":\"search_term_string\"}}],\"inLanguage\":\"en-US\"},{\"@type\":\"Organization\",\"@id\":\"https:\/\/myspiritbowls.com\/#organization\",\"name\":\"My Spirit Bowls\",\"url\":\"https:\/\/myspiritbowls.com\/\",\"logo\":{\"@type\":\"ImageObject\",\"inLanguage\":\"en-US\",\"@id\":\"https:\/\/myspiritbowls.com\/#\/schema\/logo\/image\/\",\"url\":\"https:\/\/myspiritbowls.com\/wp-content\/uploads\/2023\/09\/download-5.png\",\"contentUrl\":\"https:\/\/myspiritbowls.com\/wp-content\/uploads\/2023\/09\/download-5.png\",\"width\":83,\"height\":100,\"caption\":\"My Spirit Bowls\"},\"image\":{\"@id\":\"https:\/\/myspiritbowls.com\/#\/schema\/logo\/image\/\"}}]}<\/script>\n<!-- \/ Yoast SEO plugin. -->","yoast_head_json":{"title":"Gutschein \u20ac 10,- My Spirit Bowls","robots":{"index":"index","follow":"follow","max-snippet":"max-snippet:-1","max-image-preview":"max-image-preview:large","max-video-preview":"max-video-preview:-1"},"canonical":"https:\/\/myspiritbowls.com\/en\/product\/gutschein-e-10\/","og_locale":"en_US","og_type":"article","og_title":"Gutschein \u20ac 10,- My Spirit Bowls","og_description":"Gutschein einl\u00f6sbar f\u00fcr Sound Healing Events, Cacao Zeremonie, Produkte der Empowermind Academy. &nbsp;     *Keine Barabl\u00f6se","og_url":"https:\/\/myspiritbowls.com\/en\/product\/gutschein-e-10\/","og_site_name":"My Spirit Bowls","article_modified_time":"2025-05-17T20:57:45+00:00","og_image":[{"width":1080,"height":1920,"url":"https:\/\/myspiritbowls.com\/wp-content\/uploads\/2025\/05\/download-1.jpg","type":"image\/jpeg"}],"twitter_card":"summary_large_image","schema":{"@context":"https:\/\/schema.org","@graph":[{"@type":"WebPage","@id":"https:\/\/myspiritbowls.com\/product\/gutschein-e-10\/","url":"https:\/\/myspiritbowls.com\/product\/gutschein-e-10\/","name":"Gutschein \u20ac 10,- My Spirit Bowls","isPartOf":{"@id":"https:\/\/myspiritbowls.com\/#website"},"primaryImageOfPage":{"@id":"https:\/\/myspiritbowls.com\/product\/gutschein-e-10\/#primaryimage"},"image":{"@id":"https:\/\/myspiritbowls.com\/product\/gutschein-e-10\/#primaryimage"},"thumbnailUrl":"https:\/\/myspiritbowls.com\/wp-content\/uploads\/2025\/05\/download-1.jpg","datePublished":"2025-05-17T20:57:22+00:00","dateModified":"2025-05-17T20:57:45+00:00","breadcrumb":{"@id":"https:\/\/myspiritbowls.com\/product\/gutschein-e-10\/#breadcrumb"},"inLanguage":"en-US","potentialAction":[{"@type":"ReadAction","target":["https:\/\/myspiritbowls.com\/product\/gutschein-e-10\/"]}]},{"@type":"ImageObject","inLanguage":"en-US","@id":"https:\/\/myspiritbowls.com\/product\/gutschein-e-10\/#primaryimage","url":"https:\/\/myspiritbowls.com\/wp-content\/uploads\/2025\/05\/download-1.jpg","contentUrl":"https:\/\/myspiritbowls.com\/wp-content\/uploads\/2025\/05\/download-1.jpg","width":1080,"height":1920},{"@type":"BreadcrumbList","@id":"https:\/\/myspiritbowls.com\/product\/gutschein-e-10\/#breadcrumb","itemListElement":[{"@type":"ListItem","position":1,"name":"Home","item":"https:\/\/myspiritbowls.com\/"},{"@type":"ListItem","position":2,"name":"Shop","item":"https:\/\/myspiritbowls.com\/shop\/"},{"@type":"ListItem","position":3,"name":"Gutschein \u20ac 10,-"}]},{"@type":"WebSite","@id":"https:\/\/myspiritbowls.com\/#website","url":"https:\/\/myspiritbowls.com\/","name":"My Spirit Bowls","description":"","publisher":{"@id":"https:\/\/myspiritbowls.com\/#organization"},"potentialAction":[{"@type":"SearchAction","target":{"@type":"EntryPoint","urlTemplate":"https:\/\/myspiritbowls.com\/?s={search_term_string}"},"query-input":{"@type":"PropertyValueSpecification","valueRequired":true,"valueName":"search_term_string"}}],"inLanguage":"en-US"},{"@type":"Organization","@id":"https:\/\/myspiritbowls.com\/#organization","name":"My Spirit Bowls","url":"https:\/\/myspiritbowls.com\/","logo":{"@type":"ImageObject","inLanguage":"en-US","@id":"https:\/\/myspiritbowls.com\/#\/schema\/logo\/image\/","url":"https:\/\/myspiritbowls.com\/wp-content\/uploads\/2023\/09\/download-5.png","contentUrl":"https:\/\/myspiritbowls.com\/wp-content\/uploads\/2023\/09\/download-5.png","width":83,"height":100,"caption":"My Spirit Bowls"},"image":{"@id":"https:\/\/myspiritbowls.com\/#\/schema\/logo\/image\/"}}]}},"_links":{"self":[{"href":"https:\/\/myspiritbowls.com\/en\/wp-json\/wp\/v2\/product\/990938","targetHints":{"allow":["GET"]}}],"collection":[{"href":"https:\/\/myspiritbowls.com\/en\/wp-json\/wp\/v2\/product"}],"about":[{"href":"https:\/\/myspiritbowls.com\/en\/wp-json\/wp\/v2\/types\/product"}],"replies":[{"embeddable":true,"href":"https:\/\/myspiritbowls.com\/en\/wp-json\/wp\/v2\/comments?post=990938"}],"wp:featuredmedia":[{"embeddable":true,"href":"https:\/\/myspiritbowls.com\/en\/wp-json\/wp\/v2\/media\/990939"}],"wp:attachment":[{"href":"https:\/\/myspiritbowls.com\/en\/wp-json\/wp\/v2\/media?parent=990938"}],"wp:term":[{"taxonomy":"product_brand","embeddable":true,"href":"https:\/\/myspiritbowls.com\/en\/wp-json\/wp\/v2\/product_brand?post=990938"},{"taxonomy":"product_cat","embeddable":true,"href":"https:\/\/myspiritbowls.com\/en\/wp-json\/wp\/v2\/product_cat?post=990938"},{"taxonomy":"product_tag","embeddable":true,"href":"https:\/\/myspiritbowls.com\/en\/wp-json\/wp\/v2\/product_tag?post=990938"}],"curies":[{"name":"wp","href":"https:\/\/api.w.org\/{rel}","templated":true}]}}