{"id":990940,"date":"2025-05-17T21:00:27","date_gmt":"2025-05-17T21:00:27","guid":{"rendered":"https:\/\/myspiritbowls.com\/?post_type=product&#038;p=990940"},"modified":"2025-05-17T21:00:27","modified_gmt":"2025-05-17T21:00:27","slug":"kristall-klangschale-sunset-symphony","status":"publish","type":"product","link":"https:\/\/myspiritbowls.com\/en\/product\/kristall-klangschale-sunset-symphony\/","title":{"rendered":"Kristall-Klangschale Sunset Symphony"},"content":{"rendered":"<div class=\"w-full text-token-text-primary border-b border-black\/10 gizmo:border-0 dark:border-gray-900\/50 gizmo:dark:border-0 bg-gray-50 gizmo:bg-transparent dark:bg-[#444654] gizmo:dark:bg-transparent\" data-testid=\"conversation-turn-11\">\n<div class=\"p-4 gizmo:py-2 justify-center text-base md:gap-6 md:py-6 m-auto\">\n<div class=\"flex flex-1 gap-4 text-base mx-auto md:gap-6 gizmo:gap-3 gizmo:md:px-5 gizmo:lg:px-1 gizmo:xl:px-5 md:max-w-2xl lg:max-w-[38rem] gizmo:md:max-w-3xl gizmo:lg:max-w-[40rem] gizmo:xl:max-w-[48rem] xl:max-w-3xl } group\">\n<div class=\"relative flex w-[calc(100%-50px)] flex-col gizmo:w-full lg:w-[calc(100%-115px)] agent-turn\">\n<div class=\"flex-col gap-1 md:gap-3\">\n<div class=\"flex flex-grow flex-col max-w-full gap-3 gizmo:gap-0\">\n<div class=\"min-h-[20px] text-message flex flex-col items-start gap-3 whitespace-pre-wrap break-words [.text-message+&amp;]:mt-5 overflow-x-auto\" data-message-author-role=\"assistant\" data-message-id=\"95232221-32f7-472a-bbea-21a971bbb510\">\n<h1 class=\"markdown prose w-full break-words dark:prose-invert light\">Kristall-Klangschale f\u00fcr Sacral Chakra<\/h1>\n<\/div>\n<\/div>\n<div class=\"flex justify-between empty:hidden gizmo:mt-1 gizmo:justify-start gizmo:gap-3 lg:block gizmo:lg:flex\">\n<div class=\"text-gray-400 flex self-end lg:self-center justify-center gizmo:lg:justify-start mt-2 gizmo:mt-0 visible gap-1\">\n<div class=\"flex gap-1\"><\/div>\n<\/div>\n<\/div>\n<\/div>\n<\/div>\n<\/div>\n<\/div>\n<\/div>\n<div class=\"w-full text-token-text-primary border-b border-black\/10 gizmo:border-0 dark:border-gray-900\/50 gizmo:dark:border-0 gizmo:bg-transparent dark:bg-gray-800 gizmo:dark:bg-transparent\" data-testid=\"conversation-turn-12\">\n<div class=\"p-4 gizmo:py-2 justify-center text-base md:gap-6 md:py-6 m-auto\">\n<div class=\"flex flex-1 gap-4 text-base mx-auto md:gap-6 gizmo:gap-3 gizmo:md:px-5 gizmo:lg:px-1 gizmo:xl:px-5 md:max-w-2xl lg:max-w-[38rem] gizmo:md:max-w-3xl gizmo:lg:max-w-[40rem] gizmo:xl:max-w-[48rem] xl:max-w-3xl } group\">\n<div class=\"flex-shrink-0 flex flex-col relative items-end\">\n<div>\n<div class=\"pt-0.5\">\n<div class=\"gizmo-shadow-stroke flex h-6 w-6 items-center justify-center overflow-hidden rounded-full\"><\/div>\n<\/div>\n<\/div>\n<\/div>\n<\/div>\n<\/div>\n<\/div>\n","protected":false},"excerpt":{"rendered":"<div class=\"flex flex-grow flex-col max-w-full gap-3 gizmo:gap-0\">\n<div class=\"min-h-[20px] text-message flex flex-col items-start gap-3 whitespace-pre-wrap break-words [.text-message+&amp;]:mt-5 overflow-x-auto\" data-message-author-role=\"assistant\" data-message-id=\"95232221-32f7-472a-bbea-21a971bbb510\">\n<div class=\"markdown prose w-full break-words dark:prose-invert light\">\n<div class=\"flex-1 overflow-hidden\">\n<div class=\"react-scroll-to-bottom--css-trhre-79elbk h-full\">\n<div class=\"react-scroll-to-bottom--css-trhre-1n7m0yu\">\n<div class=\"flex flex-col pb-9 text-sm\">\n<div class=\"w-full text-token-text-primary\" data-testid=\"conversation-turn-21\">\n<div class=\"px-4 py-2 justify-center text-base md:gap-6 m-auto\">\n<div class=\"flex flex-1 text-base mx-auto gap-3 md:px-5 lg:px-1 xl:px-5 md:max-w-3xl lg:max-w-[40rem] xl:max-w-[48rem] group final-completion\">\n<div class=\"relative flex w-full flex-col lg:w-[calc(100%-115px)] agent-turn\">\n<div class=\"flex-col gap-1 md:gap-3\">\n<div class=\"flex flex-grow flex-col max-w-full\">\n<div class=\"min-h-[20px] text-message flex flex-col items-start gap-3 whitespace-pre-wrap break-words [.text-message+&amp;]:mt-5 overflow-x-auto\" data-message-author-role=\"assistant\" data-message-id=\"d5567485-f51f-48bc-bbc8-5ca07fd3df69\">\n<div class=\"markdown prose w-full break-words dark:prose-invert light\">\n<div class=\"flex-1 overflow-hidden\">\n<div class=\"react-scroll-to-bottom--css-trhre-79elbk h-full\">\n<div class=\"react-scroll-to-bottom--css-trhre-1n7m0yu\">\n<div class=\"flex flex-col pb-9 text-sm\">\n<div class=\"w-full text-token-text-primary\" data-testid=\"conversation-turn-48\">\n<div class=\"px-4 py-2 justify-center text-base md:gap-6 m-auto\">\n<div class=\"flex flex-1 text-base mx-auto gap-3 md:px-5 lg:px-1 xl:px-5 md:max-w-3xl lg:max-w-[40rem] xl:max-w-[48rem] group final-completion\">\n<div class=\"relative flex w-full flex-col lg:w-[calc(100%-115px)] agent-turn\">\n<div class=\"flex-col gap-1 md:gap-3\">\n<div class=\"flex flex-grow flex-col max-w-full\">\n<div class=\"min-h-[20px] text-message flex flex-col items-start gap-3 whitespace-pre-wrap break-words [.text-message+&amp;]:mt-5 overflow-x-auto\" data-message-author-role=\"assistant\" data-message-id=\"b8e8de8d-10a7-4552-8243-732f95f10696\">\n<div class=\"markdown prose w-full break-words dark:prose-invert light\">\n<div class=\"flex-1 overflow-hidden\">\n<div class=\"react-scroll-to-bottom--css-trhre-79elbk h-full\">\n<div class=\"react-scroll-to-bottom--css-trhre-1n7m0yu\">\n<div class=\"flex flex-col pb-9 text-sm\">\n<div class=\"w-full text-token-text-primary\" data-testid=\"conversation-turn-54\">\n<div class=\"px-4 py-2 justify-center text-base md:gap-6 m-auto\">\n<div class=\"flex flex-1 text-base mx-auto gap-3 md:px-5 lg:px-1 xl:px-5 md:max-w-3xl lg:max-w-[40rem] xl:max-w-[48rem] group final-completion\">\n<div class=\"relative flex w-full flex-col lg:w-[calc(100%-115px)] agent-turn\">\n<div class=\"flex-col gap-1 md:gap-3\">\n<div class=\"flex flex-grow flex-col max-w-full\">\n<div class=\"min-h-[20px] text-message flex flex-col items-start gap-3 whitespace-pre-wrap break-words [.text-message+&amp;]:mt-5 overflow-x-auto\" data-message-author-role=\"assistant\" data-message-id=\"b72ef0e4-13d1-4c20-bae5-d211b419d64e\">\n<div class=\"markdown prose w-full break-words dark:prose-invert light\">\n<p>&#8220;Sunset Symphony&#8221; ist eine bemerkenswerte Klangschale, die die warme und inspirierende Energie eines abendlichen Sonnenuntergangs einf\u00e4ngt. Ihre lebendige orangefarbene Oberfl\u00e4che spiegelt die Sch\u00f6nheit des Himmels w\u00e4hrend des Sonnenuntergangs wider und verbindet sich harmonisch mit ihrem melodischen Klang.<\/p>\n<p>Diese Klangschale ist speziell darauf ausgerichtet, das Sacral Chakra (Svadhishthana) zu aktivieren und zu stimulieren. Das Sacral Chakra, das sich im unteren Bauchbereich befindet, ist das Zentrum der Kreativit\u00e4t, Leidenschaft und emotionalen Ausdruckskraft. Beim Anschlagen der &#8220;Sunset Symphony&#8221; erzeugt sie Schwingungen, die das Sacral Chakra in Balance bringen und eine freiere Entfaltung deiner kreativen Energie erm\u00f6glichen.<\/p>\n<p>&#8220;Sunset Symphony&#8221; l\u00e4dt dich ein, deine k\u00fcnstlerischen F\u00e4higkeiten zu entfalten, deine Leidenschaften zu erkunden und in einen Zustand der Inspiration einzutauchen. Ihre Kl\u00e4nge erinnern an die warmen Farben des Abendhimmels und f\u00f6rdern ein tiefes Verst\u00e4ndnis deiner eigenen emotionalen Welt. Tauche ein in die melodische Symphonie des Sonnenuntergangs und entdecke die kreative Magie in dir.<\/p>\n<ul>\n<li>Tonh\u00f6he: C f\u00fcr klaren Klang<\/li>\n<li>Gr\u00f6\u00dfe: 6 Zoll (ca. 15,24 cm)<\/li>\n<\/ul>\n<p>&nbsp;<\/p>\n<\/div>\n<\/div>\n<\/div>\n<\/div>\n<div class=\"absolute\">\n<div class=\"flex w-full gap-2 items-center justify-center\"><\/div>\n<\/div>\n<\/div>\n<\/div>\n<\/div>\n<\/div>\n<\/div>\n<\/div>\n<\/div>\n<\/div>\n<div class=\"w-full pt-2 md:pt-0 dark:border-white\/20 md:border-transparent md:dark:border-transparent md:w-[calc(100%-.5rem)]\">\n<form class=\"stretch mx-2 flex flex-row gap-3 last:mb-2 md:mx-4 md:last:mb-6 lg:mx-auto lg:max-w-2xl xl:max-w-3xl\">\n<div class=\"relative flex h-full flex-1 items-stretch md:flex-col\">\n<div class=\"flex w-full items-center\"><\/div>\n<\/div>\n<\/form>\n<\/div>\n<\/div>\n<\/div>\n<\/div>\n<\/div>\n<\/div>\n<\/div>\n<\/div>\n<\/div>\n<\/div>\n<\/div>\n<\/div>\n<\/div>\n<div class=\"w-full pt-2 md:pt-0 dark:border-white\/20 md:border-transparent md:dark:border-transparent md:w-[calc(100%-.5rem)]\">\n<form class=\"stretch mx-2 flex flex-row gap-3 last:mb-2 md:mx-4 md:last:mb-6 lg:mx-auto lg:max-w-2xl xl:max-w-3xl\">\n<div class=\"relative flex h-full flex-1 items-stretch md:flex-col\">\n<div class=\"flex w-full items-center\"><\/div>\n<\/div>\n<\/form>\n<\/div>\n<\/div>\n<\/div>\n<\/div>\n<\/div>\n<\/div>\n<\/div>\n<\/div>\n<\/div>\n<\/div>\n<\/div>\n<\/div>\n<\/div>\n<div class=\"w-full pt-2 md:pt-0 dark:border-white\/20 md:border-transparent md:dark:border-transparent md:w-[calc(100%-.5rem)]\">\n<form class=\"stretch mx-2 flex flex-row gap-3 last:mb-2 md:mx-4 md:last:mb-6 lg:mx-auto lg:max-w-2xl xl:max-w-3xl\">\n<div class=\"relative flex h-full flex-1 items-stretch md:flex-col\">\n<div class=\"flex w-full items-center\"><\/div>\n<\/div>\n<\/form>\n<\/div>\n<\/div>\n<\/div>\n<\/div>\n<p>&nbsp;<\/p>\n<p>&nbsp;<\/p>\n","protected":false},"featured_media":990941,"comment_status":"open","ping_status":"closed","template":"","meta":[],"product_brand":[],"product_cat":[297],"product_tag":[],"class_list":{"0":"post-990940","1":"product","2":"type-product","3":"status-publish","4":"has-post-thumbnail","6":"product_cat-singing-bowls","8":"first","9":"instock","10":"shipping-taxable","11":"purchasable","12":"product-type-simple"},"yoast_head":"<!-- This site is optimized with the Yoast SEO plugin v25.7 - https:\/\/yoast.com\/wordpress\/plugins\/seo\/ -->\n<title>Kristall-Klangschale Sunset Symphony - My Spirit Bowls<\/title>\n<meta name=\"robots\" content=\"index, follow, max-snippet:-1, max-image-preview:large, max-video-preview:-1\" \/>\n<link rel=\"canonical\" href=\"https:\/\/myspiritbowls.com\/en\/product\/kristall-klangschale-sunset-symphony\/\" \/>\n<meta property=\"og:locale\" content=\"en_US\" \/>\n<meta property=\"og:type\" content=\"article\" \/>\n<meta property=\"og:title\" content=\"Kristall-Klangschale Sunset Symphony - My Spirit Bowls\" \/>\n<meta property=\"og:description\" content=\"&quot;Sunset Symphony&quot; ist eine bemerkenswerte Klangschale, die die warme und inspirierende Energie eines abendlichen Sonnenuntergangs einf\u00e4ngt. Ihre lebendige orangefarbene Oberfl\u00e4che spiegelt die Sch\u00f6nheit des Himmels w\u00e4hrend des Sonnenuntergangs wider und verbindet sich harmonisch mit ihrem melodischen Klang.  Diese Klangschale ist speziell darauf ausgerichtet, das Sacral Chakra (Svadhishthana) zu aktivieren und zu stimulieren. Das Sacral Chakra, das sich im unteren Bauchbereich befindet, ist das Zentrum der Kreativit\u00e4t, Leidenschaft und emotionalen Ausdruckskraft. Beim Anschlagen der &quot;Sunset Symphony&quot; erzeugt sie Schwingungen, die das Sacral Chakra in Balance bringen und eine freiere Entfaltung deiner kreativen Energie erm\u00f6glichen.  &quot;Sunset Symphony&quot; l\u00e4dt dich ein, deine k\u00fcnstlerischen F\u00e4higkeiten zu entfalten, deine Leidenschaften zu erkunden und in einen Zustand der Inspiration einzutauchen. Ihre Kl\u00e4nge erinnern an die warmen Farben des Abendhimmels und f\u00f6rdern ein tiefes Verst\u00e4ndnis deiner eigenen emotionalen Welt. Tauche ein in die melodische Symphonie des Sonnenuntergangs und entdecke die kreative Magie in dir.   Tonh\u00f6he: C f\u00fcr klaren Klang  Gr\u00f6\u00dfe: 6 Zoll (ca. 15,24 cm)  &nbsp;                                                           &nbsp;  &nbsp;\" \/>\n<meta property=\"og:url\" content=\"https:\/\/myspiritbowls.com\/en\/product\/kristall-klangschale-sunset-symphony\/\" \/>\n<meta property=\"og:site_name\" content=\"My Spirit Bowls\" \/>\n<meta property=\"og:image\" content=\"https:\/\/myspiritbowls.com\/wp-content\/uploads\/2025\/05\/download-2-scaled.jpg\" \/>\n\t<meta property=\"og:image:width\" content=\"1920\" \/>\n\t<meta property=\"og:image:height\" content=\"2560\" \/>\n\t<meta property=\"og:image:type\" content=\"image\/jpeg\" \/>\n<meta name=\"twitter:card\" content=\"summary_large_image\" \/>\n<script type=\"application\/ld+json\" class=\"yoast-schema-graph\">{\"@context\":\"https:\/\/schema.org\",\"@graph\":[{\"@type\":\"WebPage\",\"@id\":\"https:\/\/myspiritbowls.com\/product\/kristall-klangschale-sunset-symphony\/\",\"url\":\"https:\/\/myspiritbowls.com\/product\/kristall-klangschale-sunset-symphony\/\",\"name\":\"Kristall-Klangschale Sunset Symphony - My Spirit Bowls\",\"isPartOf\":{\"@id\":\"https:\/\/myspiritbowls.com\/#website\"},\"primaryImageOfPage\":{\"@id\":\"https:\/\/myspiritbowls.com\/product\/kristall-klangschale-sunset-symphony\/#primaryimage\"},\"image\":{\"@id\":\"https:\/\/myspiritbowls.com\/product\/kristall-klangschale-sunset-symphony\/#primaryimage\"},\"thumbnailUrl\":\"https:\/\/myspiritbowls.com\/wp-content\/uploads\/2025\/05\/download-2-scaled.jpg\",\"datePublished\":\"2025-05-17T21:00:27+00:00\",\"breadcrumb\":{\"@id\":\"https:\/\/myspiritbowls.com\/product\/kristall-klangschale-sunset-symphony\/#breadcrumb\"},\"inLanguage\":\"en-US\",\"potentialAction\":[{\"@type\":\"ReadAction\",\"target\":[\"https:\/\/myspiritbowls.com\/product\/kristall-klangschale-sunset-symphony\/\"]}]},{\"@type\":\"ImageObject\",\"inLanguage\":\"en-US\",\"@id\":\"https:\/\/myspiritbowls.com\/product\/kristall-klangschale-sunset-symphony\/#primaryimage\",\"url\":\"https:\/\/myspiritbowls.com\/wp-content\/uploads\/2025\/05\/download-2-scaled.jpg\",\"contentUrl\":\"https:\/\/myspiritbowls.com\/wp-content\/uploads\/2025\/05\/download-2-scaled.jpg\",\"width\":1920,\"height\":2560},{\"@type\":\"BreadcrumbList\",\"@id\":\"https:\/\/myspiritbowls.com\/product\/kristall-klangschale-sunset-symphony\/#breadcrumb\",\"itemListElement\":[{\"@type\":\"ListItem\",\"position\":1,\"name\":\"Home\",\"item\":\"https:\/\/myspiritbowls.com\/\"},{\"@type\":\"ListItem\",\"position\":2,\"name\":\"Shop\",\"item\":\"https:\/\/myspiritbowls.com\/shop\/\"},{\"@type\":\"ListItem\",\"position\":3,\"name\":\"Kristall-Klangschale Sunset Symphony\"}]},{\"@type\":\"WebSite\",\"@id\":\"https:\/\/myspiritbowls.com\/#website\",\"url\":\"https:\/\/myspiritbowls.com\/\",\"name\":\"My Spirit Bowls\",\"description\":\"\",\"publisher\":{\"@id\":\"https:\/\/myspiritbowls.com\/#organization\"},\"potentialAction\":[{\"@type\":\"SearchAction\",\"target\":{\"@type\":\"EntryPoint\",\"urlTemplate\":\"https:\/\/myspiritbowls.com\/?s={search_term_string}\"},\"query-input\":{\"@type\":\"PropertyValueSpecification\",\"valueRequired\":true,\"valueName\":\"search_term_string\"}}],\"inLanguage\":\"en-US\"},{\"@type\":\"Organization\",\"@id\":\"https:\/\/myspiritbowls.com\/#organization\",\"name\":\"My Spirit Bowls\",\"url\":\"https:\/\/myspiritbowls.com\/\",\"logo\":{\"@type\":\"ImageObject\",\"inLanguage\":\"en-US\",\"@id\":\"https:\/\/myspiritbowls.com\/#\/schema\/logo\/image\/\",\"url\":\"https:\/\/myspiritbowls.com\/wp-content\/uploads\/2023\/09\/download-5.png\",\"contentUrl\":\"https:\/\/myspiritbowls.com\/wp-content\/uploads\/2023\/09\/download-5.png\",\"width\":83,\"height\":100,\"caption\":\"My Spirit Bowls\"},\"image\":{\"@id\":\"https:\/\/myspiritbowls.com\/#\/schema\/logo\/image\/\"}}]}<\/script>\n<!-- \/ Yoast SEO plugin. -->","yoast_head_json":{"title":"Kristall-Klangschale Sunset Symphony - My Spirit Bowls","robots":{"index":"index","follow":"follow","max-snippet":"max-snippet:-1","max-image-preview":"max-image-preview:large","max-video-preview":"max-video-preview:-1"},"canonical":"https:\/\/myspiritbowls.com\/en\/product\/kristall-klangschale-sunset-symphony\/","og_locale":"en_US","og_type":"article","og_title":"Kristall-Klangschale Sunset Symphony - My Spirit Bowls","og_description":"\"Sunset Symphony\" ist eine bemerkenswerte Klangschale, die die warme und inspirierende Energie eines abendlichen Sonnenuntergangs einf\u00e4ngt. Ihre lebendige orangefarbene Oberfl\u00e4che spiegelt die Sch\u00f6nheit des Himmels w\u00e4hrend des Sonnenuntergangs wider und verbindet sich harmonisch mit ihrem melodischen Klang.  Diese Klangschale ist speziell darauf ausgerichtet, das Sacral Chakra (Svadhishthana) zu aktivieren und zu stimulieren. Das Sacral Chakra, das sich im unteren Bauchbereich befindet, ist das Zentrum der Kreativit\u00e4t, Leidenschaft und emotionalen Ausdruckskraft. Beim Anschlagen der \"Sunset Symphony\" erzeugt sie Schwingungen, die das Sacral Chakra in Balance bringen und eine freiere Entfaltung deiner kreativen Energie erm\u00f6glichen.  \"Sunset Symphony\" l\u00e4dt dich ein, deine k\u00fcnstlerischen F\u00e4higkeiten zu entfalten, deine Leidenschaften zu erkunden und in einen Zustand der Inspiration einzutauchen. Ihre Kl\u00e4nge erinnern an die warmen Farben des Abendhimmels und f\u00f6rdern ein tiefes Verst\u00e4ndnis deiner eigenen emotionalen Welt. Tauche ein in die melodische Symphonie des Sonnenuntergangs und entdecke die kreative Magie in dir.   Tonh\u00f6he: C f\u00fcr klaren Klang  Gr\u00f6\u00dfe: 6 Zoll (ca. 15,24 cm)  &nbsp;                                                           &nbsp;  &nbsp;","og_url":"https:\/\/myspiritbowls.com\/en\/product\/kristall-klangschale-sunset-symphony\/","og_site_name":"My Spirit Bowls","og_image":[{"width":1920,"height":2560,"url":"https:\/\/myspiritbowls.com\/wp-content\/uploads\/2025\/05\/download-2-scaled.jpg","type":"image\/jpeg"}],"twitter_card":"summary_large_image","schema":{"@context":"https:\/\/schema.org","@graph":[{"@type":"WebPage","@id":"https:\/\/myspiritbowls.com\/product\/kristall-klangschale-sunset-symphony\/","url":"https:\/\/myspiritbowls.com\/product\/kristall-klangschale-sunset-symphony\/","name":"Kristall-Klangschale Sunset Symphony - My Spirit Bowls","isPartOf":{"@id":"https:\/\/myspiritbowls.com\/#website"},"primaryImageOfPage":{"@id":"https:\/\/myspiritbowls.com\/product\/kristall-klangschale-sunset-symphony\/#primaryimage"},"image":{"@id":"https:\/\/myspiritbowls.com\/product\/kristall-klangschale-sunset-symphony\/#primaryimage"},"thumbnailUrl":"https:\/\/myspiritbowls.com\/wp-content\/uploads\/2025\/05\/download-2-scaled.jpg","datePublished":"2025-05-17T21:00:27+00:00","breadcrumb":{"@id":"https:\/\/myspiritbowls.com\/product\/kristall-klangschale-sunset-symphony\/#breadcrumb"},"inLanguage":"en-US","potentialAction":[{"@type":"ReadAction","target":["https:\/\/myspiritbowls.com\/product\/kristall-klangschale-sunset-symphony\/"]}]},{"@type":"ImageObject","inLanguage":"en-US","@id":"https:\/\/myspiritbowls.com\/product\/kristall-klangschale-sunset-symphony\/#primaryimage","url":"https:\/\/myspiritbowls.com\/wp-content\/uploads\/2025\/05\/download-2-scaled.jpg","contentUrl":"https:\/\/myspiritbowls.com\/wp-content\/uploads\/2025\/05\/download-2-scaled.jpg","width":1920,"height":2560},{"@type":"BreadcrumbList","@id":"https:\/\/myspiritbowls.com\/product\/kristall-klangschale-sunset-symphony\/#breadcrumb","itemListElement":[{"@type":"ListItem","position":1,"name":"Home","item":"https:\/\/myspiritbowls.com\/"},{"@type":"ListItem","position":2,"name":"Shop","item":"https:\/\/myspiritbowls.com\/shop\/"},{"@type":"ListItem","position":3,"name":"Kristall-Klangschale Sunset Symphony"}]},{"@type":"WebSite","@id":"https:\/\/myspiritbowls.com\/#website","url":"https:\/\/myspiritbowls.com\/","name":"My Spirit Bowls","description":"","publisher":{"@id":"https:\/\/myspiritbowls.com\/#organization"},"potentialAction":[{"@type":"SearchAction","target":{"@type":"EntryPoint","urlTemplate":"https:\/\/myspiritbowls.com\/?s={search_term_string}"},"query-input":{"@type":"PropertyValueSpecification","valueRequired":true,"valueName":"search_term_string"}}],"inLanguage":"en-US"},{"@type":"Organization","@id":"https:\/\/myspiritbowls.com\/#organization","name":"My Spirit Bowls","url":"https:\/\/myspiritbowls.com\/","logo":{"@type":"ImageObject","inLanguage":"en-US","@id":"https:\/\/myspiritbowls.com\/#\/schema\/logo\/image\/","url":"https:\/\/myspiritbowls.com\/wp-content\/uploads\/2023\/09\/download-5.png","contentUrl":"https:\/\/myspiritbowls.com\/wp-content\/uploads\/2023\/09\/download-5.png","width":83,"height":100,"caption":"My Spirit Bowls"},"image":{"@id":"https:\/\/myspiritbowls.com\/#\/schema\/logo\/image\/"}}]}},"_links":{"self":[{"href":"https:\/\/myspiritbowls.com\/en\/wp-json\/wp\/v2\/product\/990940","targetHints":{"allow":["GET"]}}],"collection":[{"href":"https:\/\/myspiritbowls.com\/en\/wp-json\/wp\/v2\/product"}],"about":[{"href":"https:\/\/myspiritbowls.com\/en\/wp-json\/wp\/v2\/types\/product"}],"replies":[{"embeddable":true,"href":"https:\/\/myspiritbowls.com\/en\/wp-json\/wp\/v2\/comments?post=990940"}],"wp:featuredmedia":[{"embeddable":true,"href":"https:\/\/myspiritbowls.com\/en\/wp-json\/wp\/v2\/media\/990941"}],"wp:attachment":[{"href":"https:\/\/myspiritbowls.com\/en\/wp-json\/wp\/v2\/media?parent=990940"}],"wp:term":[{"taxonomy":"product_brand","embeddable":true,"href":"https:\/\/myspiritbowls.com\/en\/wp-json\/wp\/v2\/product_brand?post=990940"},{"taxonomy":"product_cat","embeddable":true,"href":"https:\/\/myspiritbowls.com\/en\/wp-json\/wp\/v2\/product_cat?post=990940"},{"taxonomy":"product_tag","embeddable":true,"href":"https:\/\/myspiritbowls.com\/en\/wp-json\/wp\/v2\/product_tag?post=990940"}],"curies":[{"name":"wp","href":"https:\/\/api.w.org\/{rel}","templated":true}]}}