{"id":990952,"date":"2025-05-17T21:14:55","date_gmt":"2025-05-17T21:14:55","guid":{"rendered":"https:\/\/myspiritbowls.com\/?post_type=product&#038;p=990952"},"modified":"2025-07-09T10:03:50","modified_gmt":"2025-07-09T10:03:50","slug":"kristall-klangschale-obsidian-essence-7","status":"publish","type":"product","link":"https:\/\/myspiritbowls.com\/en\/product\/kristall-klangschale-obsidian-essence-7\/","title":{"rendered":"Kristall-Klangschale Obsidian Essence &#8211; 7&#8243;"},"content":{"rendered":"<p>Kristall-Klangschale Obsidian<\/p>\n","protected":false},"excerpt":{"rendered":"<div class=\"flex flex-grow flex-col max-w-full gap-3 gizmo:gap-0\">\n<div class=\"min-h-[20px] text-message flex flex-col items-start gap-3 whitespace-pre-wrap break-words [.text-message+&amp;]:mt-5 overflow-x-auto\" data-message-author-role=\"assistant\" data-message-id=\"95232221-32f7-472a-bbea-21a971bbb510\">\n<div class=\"markdown prose w-full break-words dark:prose-invert light\">\n<div class=\"flex-1 overflow-hidden\">\n<div class=\"react-scroll-to-bottom--css-trhre-79elbk h-full\">\n<div class=\"react-scroll-to-bottom--css-trhre-1n7m0yu\">\n<div class=\"flex flex-col pb-9 text-sm\">\n<div class=\"w-full text-token-text-primary\" data-testid=\"conversation-turn-23\">\n<div class=\"px-4 py-2 justify-center text-base md:gap-6 m-auto\">\n<div class=\"flex flex-1 text-base mx-auto gap-3 md:px-5 lg:px-1 xl:px-5 md:max-w-3xl lg:max-w-[40rem] xl:max-w-[48rem] group final-completion\">\n<div class=\"relative flex w-full flex-col lg:w-[calc(100%-115px)] agent-turn\">\n<div class=\"flex-col gap-1 md:gap-3\">\n<div class=\"flex flex-grow flex-col max-w-full\">\n<div class=\"min-h-[20px] text-message flex flex-col items-start gap-3 whitespace-pre-wrap break-words [.text-message+&amp;]:mt-5 overflow-x-auto\" data-message-author-role=\"assistant\" data-message-id=\"e3640dd3-1f8f-4876-b733-754c3fbe6228\">\n<div class=\"markdown prose w-full break-words dark:prose-invert light\">\n<p>Die Spirit Bowl &#8220;Obsidian Essence&#8221; ist eine faszinierende Klangschale aus Quarz, verfeinert mit der kraftvollen Pr\u00e4senz von schwarzem Obsidian. Diese Kombination verschmilzt die transzendentale Reinheit des Quarzes, bekannt f\u00fcr seine au\u00dfergew\u00f6hnlich klare und durchdringende Klangqualit\u00e4t, mit der sch\u00fctzenden und erdenden Energie des schwarzen Obsidians, der f\u00fcr seine F\u00e4higkeit, negative Energien zu absorbieren und emotionale Blockaden zu l\u00f6sen, gesch\u00e4tzt wird. Beim Anschlagen erzeugt die Schale tiefe, resonierende T\u00f6ne, die eine Atmosph\u00e4re der Sicherheit und des Schutzes schaffen, ideal f\u00fcr Meditation und spirituelle Praxis. &#8220;Obsidian Essence&#8221; dient nicht nur als Instrument f\u00fcr spirituelle Reinigung und Schutz, sondern symbolisiert auch die Verbindung zur Erde und die transformative Kraft der Dunkelheit ins Licht.<\/p>\n<\/div>\n<\/div>\n<\/div>\n<\/div>\n<div class=\"absolute\">\n<div class=\"flex w-full gap-2 items-center justify-center\">\n<ul>\n<li>Tonh\u00f6he: B f\u00fcr klaren Klang<\/li>\n<li>Gr\u00f6\u00dfe: 7 Zoll<\/li>\n<\/ul>\n<\/div>\n<\/div>\n<\/div>\n<\/div>\n<\/div>\n<\/div>\n<\/div>\n<\/div>\n<\/div>\n<\/div>\n<div class=\"w-full pt-2 md:pt-0 dark:border-white\/20 md:border-transparent md:dark:border-transparent md:w-[calc(100%-.5rem)]\">\n<form class=\"stretch mx-2 flex flex-row gap-3 last:mb-2 md:mx-4 md:last:mb-6 lg:mx-auto lg:max-w-2xl xl:max-w-3xl\">\n<div class=\"relative flex h-full flex-1 items-stretch md:flex-col\">\n<div class=\"flex w-full items-center\"><\/div>\n<\/div>\n<\/form>\n<\/div>\n<\/div>\n<\/div>\n<\/div>\n<p>&nbsp;<\/p>\n<p>&nbsp;<\/p>\n","protected":false},"featured_media":990953,"comment_status":"open","ping_status":"closed","template":"","meta":[],"product_brand":[],"product_cat":[297],"product_tag":[],"class_list":{"0":"post-990952","1":"product","2":"type-product","3":"status-publish","4":"has-post-thumbnail","6":"product_cat-singing-bowls","8":"first","9":"instock","10":"shipping-taxable","11":"purchasable","12":"product-type-simple"},"yoast_head":"<!-- This site is optimized with the Yoast SEO plugin v25.7 - https:\/\/yoast.com\/wordpress\/plugins\/seo\/ -->\n<title>Kristall-Klangschale Obsidian Essence - 7&quot; - My Spirit Bowls<\/title>\n<meta name=\"robots\" content=\"index, follow, max-snippet:-1, max-image-preview:large, max-video-preview:-1\" \/>\n<link rel=\"canonical\" href=\"https:\/\/myspiritbowls.com\/en\/product\/kristall-klangschale-obsidian-essence-7\/\" \/>\n<meta property=\"og:locale\" content=\"en_US\" \/>\n<meta property=\"og:type\" content=\"article\" \/>\n<meta property=\"og:title\" content=\"Kristall-Klangschale Obsidian Essence - 7&quot; - My Spirit Bowls\" \/>\n<meta property=\"og:description\" content=\"Die Spirit Bowl &quot;Obsidian Essence&quot; ist eine faszinierende Klangschale aus Quarz, verfeinert mit der kraftvollen Pr\u00e4senz von schwarzem Obsidian. Diese Kombination verschmilzt die transzendentale Reinheit des Quarzes, bekannt f\u00fcr seine au\u00dfergew\u00f6hnlich klare und durchdringende Klangqualit\u00e4t, mit der sch\u00fctzenden und erdenden Energie des schwarzen Obsidians, der f\u00fcr seine F\u00e4higkeit, negative Energien zu absorbieren und emotionale Blockaden zu l\u00f6sen, gesch\u00e4tzt wird. Beim Anschlagen erzeugt die Schale tiefe, resonierende T\u00f6ne, die eine Atmosph\u00e4re der Sicherheit und des Schutzes schaffen, ideal f\u00fcr Meditation und spirituelle Praxis. &quot;Obsidian Essence&quot; dient nicht nur als Instrument f\u00fcr spirituelle Reinigung und Schutz, sondern symbolisiert auch die Verbindung zur Erde und die transformative Kraft der Dunkelheit ins Licht.          Tonh\u00f6he: B f\u00fcr klaren Klang  Gr\u00f6\u00dfe: 7 Zoll                    &nbsp;  &nbsp;\" \/>\n<meta property=\"og:url\" content=\"https:\/\/myspiritbowls.com\/en\/product\/kristall-klangschale-obsidian-essence-7\/\" \/>\n<meta property=\"og:site_name\" content=\"My Spirit Bowls\" \/>\n<meta property=\"article:modified_time\" content=\"2025-07-09T10:03:50+00:00\" \/>\n<meta property=\"og:image\" content=\"https:\/\/myspiritbowls.com\/wp-content\/uploads\/2025\/05\/download-8.jpg\" \/>\n\t<meta property=\"og:image:width\" content=\"630\" \/>\n\t<meta property=\"og:image:height\" content=\"840\" \/>\n\t<meta property=\"og:image:type\" content=\"image\/jpeg\" \/>\n<meta name=\"twitter:card\" content=\"summary_large_image\" \/>\n<script type=\"application\/ld+json\" class=\"yoast-schema-graph\">{\"@context\":\"https:\/\/schema.org\",\"@graph\":[{\"@type\":\"WebPage\",\"@id\":\"https:\/\/myspiritbowls.com\/product\/kristall-klangschale-obsidian-essence-7\/\",\"url\":\"https:\/\/myspiritbowls.com\/product\/kristall-klangschale-obsidian-essence-7\/\",\"name\":\"Kristall-Klangschale Obsidian Essence - 7\\\" - My Spirit Bowls\",\"isPartOf\":{\"@id\":\"https:\/\/myspiritbowls.com\/#website\"},\"primaryImageOfPage\":{\"@id\":\"https:\/\/myspiritbowls.com\/product\/kristall-klangschale-obsidian-essence-7\/#primaryimage\"},\"image\":{\"@id\":\"https:\/\/myspiritbowls.com\/product\/kristall-klangschale-obsidian-essence-7\/#primaryimage\"},\"thumbnailUrl\":\"https:\/\/myspiritbowls.com\/wp-content\/uploads\/2025\/05\/download-8.jpg\",\"datePublished\":\"2025-05-17T21:14:55+00:00\",\"dateModified\":\"2025-07-09T10:03:50+00:00\",\"breadcrumb\":{\"@id\":\"https:\/\/myspiritbowls.com\/product\/kristall-klangschale-obsidian-essence-7\/#breadcrumb\"},\"inLanguage\":\"en-US\",\"potentialAction\":[{\"@type\":\"ReadAction\",\"target\":[\"https:\/\/myspiritbowls.com\/product\/kristall-klangschale-obsidian-essence-7\/\"]}]},{\"@type\":\"ImageObject\",\"inLanguage\":\"en-US\",\"@id\":\"https:\/\/myspiritbowls.com\/product\/kristall-klangschale-obsidian-essence-7\/#primaryimage\",\"url\":\"https:\/\/myspiritbowls.com\/wp-content\/uploads\/2025\/05\/download-8.jpg\",\"contentUrl\":\"https:\/\/myspiritbowls.com\/wp-content\/uploads\/2025\/05\/download-8.jpg\",\"width\":630,\"height\":840},{\"@type\":\"BreadcrumbList\",\"@id\":\"https:\/\/myspiritbowls.com\/product\/kristall-klangschale-obsidian-essence-7\/#breadcrumb\",\"itemListElement\":[{\"@type\":\"ListItem\",\"position\":1,\"name\":\"Home\",\"item\":\"https:\/\/myspiritbowls.com\/\"},{\"@type\":\"ListItem\",\"position\":2,\"name\":\"Shop\",\"item\":\"https:\/\/myspiritbowls.com\/shop\/\"},{\"@type\":\"ListItem\",\"position\":3,\"name\":\"Kristall-Klangschale Obsidian Essence &#8211; 7&#8243;\"}]},{\"@type\":\"WebSite\",\"@id\":\"https:\/\/myspiritbowls.com\/#website\",\"url\":\"https:\/\/myspiritbowls.com\/\",\"name\":\"My Spirit Bowls\",\"description\":\"\",\"publisher\":{\"@id\":\"https:\/\/myspiritbowls.com\/#organization\"},\"potentialAction\":[{\"@type\":\"SearchAction\",\"target\":{\"@type\":\"EntryPoint\",\"urlTemplate\":\"https:\/\/myspiritbowls.com\/?s={search_term_string}\"},\"query-input\":{\"@type\":\"PropertyValueSpecification\",\"valueRequired\":true,\"valueName\":\"search_term_string\"}}],\"inLanguage\":\"en-US\"},{\"@type\":\"Organization\",\"@id\":\"https:\/\/myspiritbowls.com\/#organization\",\"name\":\"My Spirit Bowls\",\"url\":\"https:\/\/myspiritbowls.com\/\",\"logo\":{\"@type\":\"ImageObject\",\"inLanguage\":\"en-US\",\"@id\":\"https:\/\/myspiritbowls.com\/#\/schema\/logo\/image\/\",\"url\":\"https:\/\/myspiritbowls.com\/wp-content\/uploads\/2023\/09\/download-5.png\",\"contentUrl\":\"https:\/\/myspiritbowls.com\/wp-content\/uploads\/2023\/09\/download-5.png\",\"width\":83,\"height\":100,\"caption\":\"My Spirit Bowls\"},\"image\":{\"@id\":\"https:\/\/myspiritbowls.com\/#\/schema\/logo\/image\/\"}}]}<\/script>\n<!-- \/ Yoast SEO plugin. -->","yoast_head_json":{"title":"Kristall-Klangschale Obsidian Essence - 7\" - My Spirit Bowls","robots":{"index":"index","follow":"follow","max-snippet":"max-snippet:-1","max-image-preview":"max-image-preview:large","max-video-preview":"max-video-preview:-1"},"canonical":"https:\/\/myspiritbowls.com\/en\/product\/kristall-klangschale-obsidian-essence-7\/","og_locale":"en_US","og_type":"article","og_title":"Kristall-Klangschale Obsidian Essence - 7\" - My Spirit Bowls","og_description":"Die Spirit Bowl \"Obsidian Essence\" ist eine faszinierende Klangschale aus Quarz, verfeinert mit der kraftvollen Pr\u00e4senz von schwarzem Obsidian. Diese Kombination verschmilzt die transzendentale Reinheit des Quarzes, bekannt f\u00fcr seine au\u00dfergew\u00f6hnlich klare und durchdringende Klangqualit\u00e4t, mit der sch\u00fctzenden und erdenden Energie des schwarzen Obsidians, der f\u00fcr seine F\u00e4higkeit, negative Energien zu absorbieren und emotionale Blockaden zu l\u00f6sen, gesch\u00e4tzt wird. Beim Anschlagen erzeugt die Schale tiefe, resonierende T\u00f6ne, die eine Atmosph\u00e4re der Sicherheit und des Schutzes schaffen, ideal f\u00fcr Meditation und spirituelle Praxis. \"Obsidian Essence\" dient nicht nur als Instrument f\u00fcr spirituelle Reinigung und Schutz, sondern symbolisiert auch die Verbindung zur Erde und die transformative Kraft der Dunkelheit ins Licht.          Tonh\u00f6he: B f\u00fcr klaren Klang  Gr\u00f6\u00dfe: 7 Zoll                    &nbsp;  &nbsp;","og_url":"https:\/\/myspiritbowls.com\/en\/product\/kristall-klangschale-obsidian-essence-7\/","og_site_name":"My Spirit Bowls","article_modified_time":"2025-07-09T10:03:50+00:00","og_image":[{"width":630,"height":840,"url":"https:\/\/myspiritbowls.com\/wp-content\/uploads\/2025\/05\/download-8.jpg","type":"image\/jpeg"}],"twitter_card":"summary_large_image","schema":{"@context":"https:\/\/schema.org","@graph":[{"@type":"WebPage","@id":"https:\/\/myspiritbowls.com\/product\/kristall-klangschale-obsidian-essence-7\/","url":"https:\/\/myspiritbowls.com\/product\/kristall-klangschale-obsidian-essence-7\/","name":"Kristall-Klangschale Obsidian Essence - 7\" - My Spirit Bowls","isPartOf":{"@id":"https:\/\/myspiritbowls.com\/#website"},"primaryImageOfPage":{"@id":"https:\/\/myspiritbowls.com\/product\/kristall-klangschale-obsidian-essence-7\/#primaryimage"},"image":{"@id":"https:\/\/myspiritbowls.com\/product\/kristall-klangschale-obsidian-essence-7\/#primaryimage"},"thumbnailUrl":"https:\/\/myspiritbowls.com\/wp-content\/uploads\/2025\/05\/download-8.jpg","datePublished":"2025-05-17T21:14:55+00:00","dateModified":"2025-07-09T10:03:50+00:00","breadcrumb":{"@id":"https:\/\/myspiritbowls.com\/product\/kristall-klangschale-obsidian-essence-7\/#breadcrumb"},"inLanguage":"en-US","potentialAction":[{"@type":"ReadAction","target":["https:\/\/myspiritbowls.com\/product\/kristall-klangschale-obsidian-essence-7\/"]}]},{"@type":"ImageObject","inLanguage":"en-US","@id":"https:\/\/myspiritbowls.com\/product\/kristall-klangschale-obsidian-essence-7\/#primaryimage","url":"https:\/\/myspiritbowls.com\/wp-content\/uploads\/2025\/05\/download-8.jpg","contentUrl":"https:\/\/myspiritbowls.com\/wp-content\/uploads\/2025\/05\/download-8.jpg","width":630,"height":840},{"@type":"BreadcrumbList","@id":"https:\/\/myspiritbowls.com\/product\/kristall-klangschale-obsidian-essence-7\/#breadcrumb","itemListElement":[{"@type":"ListItem","position":1,"name":"Home","item":"https:\/\/myspiritbowls.com\/"},{"@type":"ListItem","position":2,"name":"Shop","item":"https:\/\/myspiritbowls.com\/shop\/"},{"@type":"ListItem","position":3,"name":"Kristall-Klangschale Obsidian Essence &#8211; 7&#8243;"}]},{"@type":"WebSite","@id":"https:\/\/myspiritbowls.com\/#website","url":"https:\/\/myspiritbowls.com\/","name":"My Spirit Bowls","description":"","publisher":{"@id":"https:\/\/myspiritbowls.com\/#organization"},"potentialAction":[{"@type":"SearchAction","target":{"@type":"EntryPoint","urlTemplate":"https:\/\/myspiritbowls.com\/?s={search_term_string}"},"query-input":{"@type":"PropertyValueSpecification","valueRequired":true,"valueName":"search_term_string"}}],"inLanguage":"en-US"},{"@type":"Organization","@id":"https:\/\/myspiritbowls.com\/#organization","name":"My Spirit Bowls","url":"https:\/\/myspiritbowls.com\/","logo":{"@type":"ImageObject","inLanguage":"en-US","@id":"https:\/\/myspiritbowls.com\/#\/schema\/logo\/image\/","url":"https:\/\/myspiritbowls.com\/wp-content\/uploads\/2023\/09\/download-5.png","contentUrl":"https:\/\/myspiritbowls.com\/wp-content\/uploads\/2023\/09\/download-5.png","width":83,"height":100,"caption":"My Spirit Bowls"},"image":{"@id":"https:\/\/myspiritbowls.com\/#\/schema\/logo\/image\/"}}]}},"_links":{"self":[{"href":"https:\/\/myspiritbowls.com\/en\/wp-json\/wp\/v2\/product\/990952","targetHints":{"allow":["GET"]}}],"collection":[{"href":"https:\/\/myspiritbowls.com\/en\/wp-json\/wp\/v2\/product"}],"about":[{"href":"https:\/\/myspiritbowls.com\/en\/wp-json\/wp\/v2\/types\/product"}],"replies":[{"embeddable":true,"href":"https:\/\/myspiritbowls.com\/en\/wp-json\/wp\/v2\/comments?post=990952"}],"wp:featuredmedia":[{"embeddable":true,"href":"https:\/\/myspiritbowls.com\/en\/wp-json\/wp\/v2\/media\/990953"}],"wp:attachment":[{"href":"https:\/\/myspiritbowls.com\/en\/wp-json\/wp\/v2\/media?parent=990952"}],"wp:term":[{"taxonomy":"product_brand","embeddable":true,"href":"https:\/\/myspiritbowls.com\/en\/wp-json\/wp\/v2\/product_brand?post=990952"},{"taxonomy":"product_cat","embeddable":true,"href":"https:\/\/myspiritbowls.com\/en\/wp-json\/wp\/v2\/product_cat?post=990952"},{"taxonomy":"product_tag","embeddable":true,"href":"https:\/\/myspiritbowls.com\/en\/wp-json\/wp\/v2\/product_tag?post=990952"}],"curies":[{"name":"wp","href":"https:\/\/api.w.org\/{rel}","templated":true}]}}