{"id":990956,"date":"2025-05-17T21:16:53","date_gmt":"2025-05-17T21:16:53","guid":{"rendered":"https:\/\/myspiritbowls.com\/?post_type=product&#038;p=990956"},"modified":"2025-05-17T21:16:53","modified_gmt":"2025-05-17T21:16:53","slug":"kristall-klangschale-aqua-aura","status":"publish","type":"product","link":"https:\/\/myspiritbowls.com\/en\/product\/kristall-klangschale-aqua-aura\/","title":{"rendered":"Kristall-Klangschale Aqua Aura"},"content":{"rendered":"<h1 class=\"markdown prose w-full break-words dark:prose-invert light\">Kristall-Klangschale Aqua Aura Hals Chakra<\/h1>\n","protected":false},"excerpt":{"rendered":"<div class=\"flex flex-grow flex-col max-w-full gap-3 gizmo:gap-0\">\n<div class=\"min-h-[20px] text-message flex flex-col items-start gap-3 whitespace-pre-wrap break-words [.text-message+&amp;]:mt-5 overflow-x-auto\" data-message-author-role=\"assistant\" data-message-id=\"95232221-32f7-472a-bbea-21a971bbb510\">\n<div class=\"markdown prose w-full break-words dark:prose-invert light\">\n<p>Die Spirit Bowl &#8220;Aqua Aura&#8221; ist eine meisterhaft gefertigte Klangschale, die mit ihrem t\u00fcrkisfarbenen Schimmer eine tiefgreifende spirituelle Wirkung entfaltet. Inspiriert von der beruhigenden und reinigenden Energie des Ozeans, verk\u00f6rpert diese Klangschale die Essenz von Klarheit, Schutz und Heilung. Ihre einzigartige Farbgebung und ihr resonanter Klang schaffen eine Atmosph\u00e4re, die zur Meditation und inneren Reflexion einl\u00e4dt.<\/p>\n<p>Die &#8220;Aqua Aura&#8221; ist speziell darauf ausgerichtet, das Hals Chakra (Vishuddha) zu harmonisieren und zu aktivieren. Dieses Chakra, zentral gelegen an der Kehle, ist das Zentrum der Kommunikation, des Selbstausdrucks und der Wahrheit. Durch die Schwingungen der &#8220;Aqua Aura&#8221; k\u00f6nnen Blockaden in diesem Energiezentrum gel\u00f6st werden, was die freie Kommunikation von Gedanken und Gef\u00fchlen f\u00f6rdert. Ihre Kl\u00e4nge unterst\u00fctzen die \u00d6ffnung des Throat Chakras, erleichtern einen authentischen Ausdruck des wahren Selbst und st\u00e4rken die Verbindung zwischen Denken und F\u00fchlen.<\/p>\n<ul>\n<li>Tonh\u00f6he: F f\u00fcr klaren Klang<\/li>\n<li>Gr\u00f6\u00dfe: 6 Zoll (ca. 15,24 cm)<\/li>\n<li>Frequenz: 432 Hz<\/li>\n<\/ul>\n<\/div>\n<\/div>\n<\/div>\n<p>&nbsp;<\/p>\n<p>&nbsp;<\/p>\n","protected":false},"featured_media":990957,"comment_status":"open","ping_status":"closed","template":"","meta":[],"product_brand":[],"product_cat":[297],"product_tag":[],"class_list":{"0":"post-990956","1":"product","2":"type-product","3":"status-publish","4":"has-post-thumbnail","6":"product_cat-singing-bowls","8":"first","9":"instock","10":"shipping-taxable","11":"purchasable","12":"product-type-simple"},"yoast_head":"<!-- This site is optimized with the Yoast SEO plugin v25.7 - https:\/\/yoast.com\/wordpress\/plugins\/seo\/ -->\n<title>Kristall-Klangschale Aqua Aura - My Spirit Bowls<\/title>\n<meta name=\"robots\" content=\"index, follow, max-snippet:-1, max-image-preview:large, max-video-preview:-1\" \/>\n<link rel=\"canonical\" href=\"https:\/\/myspiritbowls.com\/en\/product\/kristall-klangschale-aqua-aura\/\" \/>\n<meta property=\"og:locale\" content=\"en_US\" \/>\n<meta property=\"og:type\" content=\"article\" \/>\n<meta property=\"og:title\" content=\"Kristall-Klangschale Aqua Aura - My Spirit Bowls\" \/>\n<meta property=\"og:description\" content=\"Die Spirit Bowl &quot;Aqua Aura&quot; ist eine meisterhaft gefertigte Klangschale, die mit ihrem t\u00fcrkisfarbenen Schimmer eine tiefgreifende spirituelle Wirkung entfaltet. Inspiriert von der beruhigenden und reinigenden Energie des Ozeans, verk\u00f6rpert diese Klangschale die Essenz von Klarheit, Schutz und Heilung. Ihre einzigartige Farbgebung und ihr resonanter Klang schaffen eine Atmosph\u00e4re, die zur Meditation und inneren Reflexion einl\u00e4dt.  Die &quot;Aqua Aura&quot; ist speziell darauf ausgerichtet, das Hals Chakra (Vishuddha) zu harmonisieren und zu aktivieren. Dieses Chakra, zentral gelegen an der Kehle, ist das Zentrum der Kommunikation, des Selbstausdrucks und der Wahrheit. Durch die Schwingungen der &quot;Aqua Aura&quot; k\u00f6nnen Blockaden in diesem Energiezentrum gel\u00f6st werden, was die freie Kommunikation von Gedanken und Gef\u00fchlen f\u00f6rdert. Ihre Kl\u00e4nge unterst\u00fctzen die \u00d6ffnung des Throat Chakras, erleichtern einen authentischen Ausdruck des wahren Selbst und st\u00e4rken die Verbindung zwischen Denken und F\u00fchlen.   Tonh\u00f6he: F f\u00fcr klaren Klang  Gr\u00f6\u00dfe: 6 Zoll (ca. 15,24 cm)  Frequenz: 432 Hz     &nbsp;  &nbsp;\" \/>\n<meta property=\"og:url\" content=\"https:\/\/myspiritbowls.com\/en\/product\/kristall-klangschale-aqua-aura\/\" \/>\n<meta property=\"og:site_name\" content=\"My Spirit Bowls\" \/>\n<meta property=\"og:image\" content=\"https:\/\/myspiritbowls.com\/wp-content\/uploads\/2025\/05\/download-11-scaled.jpg\" \/>\n\t<meta property=\"og:image:width\" content=\"1920\" \/>\n\t<meta property=\"og:image:height\" content=\"2560\" \/>\n\t<meta property=\"og:image:type\" content=\"image\/jpeg\" \/>\n<meta name=\"twitter:card\" content=\"summary_large_image\" \/>\n<script type=\"application\/ld+json\" class=\"yoast-schema-graph\">{\"@context\":\"https:\/\/schema.org\",\"@graph\":[{\"@type\":\"WebPage\",\"@id\":\"https:\/\/myspiritbowls.com\/product\/kristall-klangschale-aqua-aura\/\",\"url\":\"https:\/\/myspiritbowls.com\/product\/kristall-klangschale-aqua-aura\/\",\"name\":\"Kristall-Klangschale Aqua Aura - My Spirit Bowls\",\"isPartOf\":{\"@id\":\"https:\/\/myspiritbowls.com\/#website\"},\"primaryImageOfPage\":{\"@id\":\"https:\/\/myspiritbowls.com\/product\/kristall-klangschale-aqua-aura\/#primaryimage\"},\"image\":{\"@id\":\"https:\/\/myspiritbowls.com\/product\/kristall-klangschale-aqua-aura\/#primaryimage\"},\"thumbnailUrl\":\"https:\/\/myspiritbowls.com\/wp-content\/uploads\/2025\/05\/download-11-scaled.jpg\",\"datePublished\":\"2025-05-17T21:16:53+00:00\",\"breadcrumb\":{\"@id\":\"https:\/\/myspiritbowls.com\/product\/kristall-klangschale-aqua-aura\/#breadcrumb\"},\"inLanguage\":\"en-US\",\"potentialAction\":[{\"@type\":\"ReadAction\",\"target\":[\"https:\/\/myspiritbowls.com\/product\/kristall-klangschale-aqua-aura\/\"]}]},{\"@type\":\"ImageObject\",\"inLanguage\":\"en-US\",\"@id\":\"https:\/\/myspiritbowls.com\/product\/kristall-klangschale-aqua-aura\/#primaryimage\",\"url\":\"https:\/\/myspiritbowls.com\/wp-content\/uploads\/2025\/05\/download-11-scaled.jpg\",\"contentUrl\":\"https:\/\/myspiritbowls.com\/wp-content\/uploads\/2025\/05\/download-11-scaled.jpg\",\"width\":1920,\"height\":2560},{\"@type\":\"BreadcrumbList\",\"@id\":\"https:\/\/myspiritbowls.com\/product\/kristall-klangschale-aqua-aura\/#breadcrumb\",\"itemListElement\":[{\"@type\":\"ListItem\",\"position\":1,\"name\":\"Home\",\"item\":\"https:\/\/myspiritbowls.com\/\"},{\"@type\":\"ListItem\",\"position\":2,\"name\":\"Shop\",\"item\":\"https:\/\/myspiritbowls.com\/shop\/\"},{\"@type\":\"ListItem\",\"position\":3,\"name\":\"Kristall-Klangschale Aqua Aura\"}]},{\"@type\":\"WebSite\",\"@id\":\"https:\/\/myspiritbowls.com\/#website\",\"url\":\"https:\/\/myspiritbowls.com\/\",\"name\":\"My Spirit Bowls\",\"description\":\"\",\"publisher\":{\"@id\":\"https:\/\/myspiritbowls.com\/#organization\"},\"potentialAction\":[{\"@type\":\"SearchAction\",\"target\":{\"@type\":\"EntryPoint\",\"urlTemplate\":\"https:\/\/myspiritbowls.com\/?s={search_term_string}\"},\"query-input\":{\"@type\":\"PropertyValueSpecification\",\"valueRequired\":true,\"valueName\":\"search_term_string\"}}],\"inLanguage\":\"en-US\"},{\"@type\":\"Organization\",\"@id\":\"https:\/\/myspiritbowls.com\/#organization\",\"name\":\"My Spirit Bowls\",\"url\":\"https:\/\/myspiritbowls.com\/\",\"logo\":{\"@type\":\"ImageObject\",\"inLanguage\":\"en-US\",\"@id\":\"https:\/\/myspiritbowls.com\/#\/schema\/logo\/image\/\",\"url\":\"https:\/\/myspiritbowls.com\/wp-content\/uploads\/2023\/09\/download-5.png\",\"contentUrl\":\"https:\/\/myspiritbowls.com\/wp-content\/uploads\/2023\/09\/download-5.png\",\"width\":83,\"height\":100,\"caption\":\"My Spirit Bowls\"},\"image\":{\"@id\":\"https:\/\/myspiritbowls.com\/#\/schema\/logo\/image\/\"}}]}<\/script>\n<!-- \/ Yoast SEO plugin. -->","yoast_head_json":{"title":"Kristall-Klangschale Aqua Aura - My Spirit Bowls","robots":{"index":"index","follow":"follow","max-snippet":"max-snippet:-1","max-image-preview":"max-image-preview:large","max-video-preview":"max-video-preview:-1"},"canonical":"https:\/\/myspiritbowls.com\/en\/product\/kristall-klangschale-aqua-aura\/","og_locale":"en_US","og_type":"article","og_title":"Kristall-Klangschale Aqua Aura - My Spirit Bowls","og_description":"Die Spirit Bowl \"Aqua Aura\" ist eine meisterhaft gefertigte Klangschale, die mit ihrem t\u00fcrkisfarbenen Schimmer eine tiefgreifende spirituelle Wirkung entfaltet. Inspiriert von der beruhigenden und reinigenden Energie des Ozeans, verk\u00f6rpert diese Klangschale die Essenz von Klarheit, Schutz und Heilung. Ihre einzigartige Farbgebung und ihr resonanter Klang schaffen eine Atmosph\u00e4re, die zur Meditation und inneren Reflexion einl\u00e4dt.  Die \"Aqua Aura\" ist speziell darauf ausgerichtet, das Hals Chakra (Vishuddha) zu harmonisieren und zu aktivieren. Dieses Chakra, zentral gelegen an der Kehle, ist das Zentrum der Kommunikation, des Selbstausdrucks und der Wahrheit. Durch die Schwingungen der \"Aqua Aura\" k\u00f6nnen Blockaden in diesem Energiezentrum gel\u00f6st werden, was die freie Kommunikation von Gedanken und Gef\u00fchlen f\u00f6rdert. Ihre Kl\u00e4nge unterst\u00fctzen die \u00d6ffnung des Throat Chakras, erleichtern einen authentischen Ausdruck des wahren Selbst und st\u00e4rken die Verbindung zwischen Denken und F\u00fchlen.   Tonh\u00f6he: F f\u00fcr klaren Klang  Gr\u00f6\u00dfe: 6 Zoll (ca. 15,24 cm)  Frequenz: 432 Hz     &nbsp;  &nbsp;","og_url":"https:\/\/myspiritbowls.com\/en\/product\/kristall-klangschale-aqua-aura\/","og_site_name":"My Spirit Bowls","og_image":[{"width":1920,"height":2560,"url":"https:\/\/myspiritbowls.com\/wp-content\/uploads\/2025\/05\/download-11-scaled.jpg","type":"image\/jpeg"}],"twitter_card":"summary_large_image","schema":{"@context":"https:\/\/schema.org","@graph":[{"@type":"WebPage","@id":"https:\/\/myspiritbowls.com\/product\/kristall-klangschale-aqua-aura\/","url":"https:\/\/myspiritbowls.com\/product\/kristall-klangschale-aqua-aura\/","name":"Kristall-Klangschale Aqua Aura - My Spirit Bowls","isPartOf":{"@id":"https:\/\/myspiritbowls.com\/#website"},"primaryImageOfPage":{"@id":"https:\/\/myspiritbowls.com\/product\/kristall-klangschale-aqua-aura\/#primaryimage"},"image":{"@id":"https:\/\/myspiritbowls.com\/product\/kristall-klangschale-aqua-aura\/#primaryimage"},"thumbnailUrl":"https:\/\/myspiritbowls.com\/wp-content\/uploads\/2025\/05\/download-11-scaled.jpg","datePublished":"2025-05-17T21:16:53+00:00","breadcrumb":{"@id":"https:\/\/myspiritbowls.com\/product\/kristall-klangschale-aqua-aura\/#breadcrumb"},"inLanguage":"en-US","potentialAction":[{"@type":"ReadAction","target":["https:\/\/myspiritbowls.com\/product\/kristall-klangschale-aqua-aura\/"]}]},{"@type":"ImageObject","inLanguage":"en-US","@id":"https:\/\/myspiritbowls.com\/product\/kristall-klangschale-aqua-aura\/#primaryimage","url":"https:\/\/myspiritbowls.com\/wp-content\/uploads\/2025\/05\/download-11-scaled.jpg","contentUrl":"https:\/\/myspiritbowls.com\/wp-content\/uploads\/2025\/05\/download-11-scaled.jpg","width":1920,"height":2560},{"@type":"BreadcrumbList","@id":"https:\/\/myspiritbowls.com\/product\/kristall-klangschale-aqua-aura\/#breadcrumb","itemListElement":[{"@type":"ListItem","position":1,"name":"Home","item":"https:\/\/myspiritbowls.com\/"},{"@type":"ListItem","position":2,"name":"Shop","item":"https:\/\/myspiritbowls.com\/shop\/"},{"@type":"ListItem","position":3,"name":"Kristall-Klangschale Aqua Aura"}]},{"@type":"WebSite","@id":"https:\/\/myspiritbowls.com\/#website","url":"https:\/\/myspiritbowls.com\/","name":"My Spirit Bowls","description":"","publisher":{"@id":"https:\/\/myspiritbowls.com\/#organization"},"potentialAction":[{"@type":"SearchAction","target":{"@type":"EntryPoint","urlTemplate":"https:\/\/myspiritbowls.com\/?s={search_term_string}"},"query-input":{"@type":"PropertyValueSpecification","valueRequired":true,"valueName":"search_term_string"}}],"inLanguage":"en-US"},{"@type":"Organization","@id":"https:\/\/myspiritbowls.com\/#organization","name":"My Spirit Bowls","url":"https:\/\/myspiritbowls.com\/","logo":{"@type":"ImageObject","inLanguage":"en-US","@id":"https:\/\/myspiritbowls.com\/#\/schema\/logo\/image\/","url":"https:\/\/myspiritbowls.com\/wp-content\/uploads\/2023\/09\/download-5.png","contentUrl":"https:\/\/myspiritbowls.com\/wp-content\/uploads\/2023\/09\/download-5.png","width":83,"height":100,"caption":"My Spirit Bowls"},"image":{"@id":"https:\/\/myspiritbowls.com\/#\/schema\/logo\/image\/"}}]}},"_links":{"self":[{"href":"https:\/\/myspiritbowls.com\/en\/wp-json\/wp\/v2\/product\/990956","targetHints":{"allow":["GET"]}}],"collection":[{"href":"https:\/\/myspiritbowls.com\/en\/wp-json\/wp\/v2\/product"}],"about":[{"href":"https:\/\/myspiritbowls.com\/en\/wp-json\/wp\/v2\/types\/product"}],"replies":[{"embeddable":true,"href":"https:\/\/myspiritbowls.com\/en\/wp-json\/wp\/v2\/comments?post=990956"}],"wp:featuredmedia":[{"embeddable":true,"href":"https:\/\/myspiritbowls.com\/en\/wp-json\/wp\/v2\/media\/990957"}],"wp:attachment":[{"href":"https:\/\/myspiritbowls.com\/en\/wp-json\/wp\/v2\/media?parent=990956"}],"wp:term":[{"taxonomy":"product_brand","embeddable":true,"href":"https:\/\/myspiritbowls.com\/en\/wp-json\/wp\/v2\/product_brand?post=990956"},{"taxonomy":"product_cat","embeddable":true,"href":"https:\/\/myspiritbowls.com\/en\/wp-json\/wp\/v2\/product_cat?post=990956"},{"taxonomy":"product_tag","embeddable":true,"href":"https:\/\/myspiritbowls.com\/en\/wp-json\/wp\/v2\/product_tag?post=990956"}],"curies":[{"name":"wp","href":"https:\/\/api.w.org\/{rel}","templated":true}]}}